{"id":18664,"date":"2022-01-14T08:58:15","date_gmt":"2022-01-14T13:58:15","guid":{"rendered":"https:\/\/faacademy.org\/programmes-scolaires\/placement-en-high-school\/"},"modified":"2022-02-02T09:20:18","modified_gmt":"2022-02-02T14:20:18","slug":"placement-en-high-school","status":"publish","type":"page","link":"https:\/\/faacademy.org\/fr\/placement-en-high-school\/","title":{"rendered":"Placement en High School"},"content":{"rendered":"\t\t<div data-elementor-type=\"wp-page\" data-elementor-id=\"18664\" class=\"elementor elementor-18664\" data-elementor-post-type=\"page\">\n\t\t\t\t\t\t<section class=\"elementor-section elementor-top-section elementor-element elementor-element-78fa5486 elementor-section-boxed elementor-section-height-default elementor-section-height-default\" data-id=\"78fa5486\" data-element_type=\"section\" data-e-type=\"section\">\n\t\t\t\t\t\t<div class=\"elementor-container elementor-column-gap-default\">\n\t\t\t\t\t<div class=\"elementor-column elementor-col-100 elementor-top-column elementor-element elementor-element-42be1e8f\" data-id=\"42be1e8f\" data-element_type=\"column\" data-e-type=\"column\">\n\t\t\t<div class=\"elementor-widget-wrap elementor-element-populated\">\n\t\t\t\t\t\t<div class=\"elementor-element elementor-element-4851f23 elementor-widget elementor-widget-text-editor\" data-id=\"4851f23\" data-element_type=\"widget\" data-e-type=\"widget\" data-widget_type=\"text-editor.default\">\n\t\t\t\t<div class=\"elementor-widget-container\">\n\t\t\t\t\t\t\t\t\t<p><\/p>\n<p><strong>Un peu perdus par les choix pour la High School?<\/strong><br \/>\nThe French American Academy fournit aux familles des informations et un soutien pour le placement dans le secondaire. Notre \u00e9quipe du coll\u00e8ge aidera les parents \u00e0 naviguer dans les conditions et les proc\u00e9dures d&rsquo;admission en high school am\u00e9ricaine souvent compliqu\u00e9es.<\/p>\n<p>Une<a href=\"https:\/\/prezi.com\/view\/0G9VxzxxNd0MB6hHCPws\/\"> pr\u00e9sentation g\u00e9n\u00e9rale<\/a> a lieu en septembre et janvier pour tous les parents, suivie de s\u00e9ances personnalis\u00e9es en 4\u00e8me. Ces rencontres permettront d&rsquo;identifier vos attentes et les \u00e9coles qui nourrissent l&rsquo;intellect et les passions de votre enfant. L&rsquo;\u00e9quipe interviendra \u00e9galement pour :<\/p>\n<p><a href=\"https:\/\/faacademy.org\/wp-content\/uploads\/2021\/07\/High-School-Process.pdf\">\u00b7 \u00a0 \u00a0 \u00a0 \u00a0 Le processus d&rsquo;inscription et de s\u00e9lection<\/a><\/p>\n<p>\u00b7 \u00a0 \u00a0 \u00a0 \u00a0 La preparation des tests, que ce soit\u00a0<strong>ISEE, PSAT 8\/9, HSPT, SSAT, etc.<\/strong><\/p>\n<p>\u00b7\u00a0\u00a0\u00a0\u00a0\u00a0\u00a0\u00a0\u00a0\u00a0Les lettres de recommendation et les transcripts de dipl\u00f4mes<\/p>\n<p>\u00b7\u00a0\u00a0\u00a0\u00a0\u00a0\u00a0\u00a0\u00a0\u00a0La lettre de Motivation<\/p>\n<p>\u00b7\u00a0\u00a0\u00a0\u00a0\u00a0\u00a0\u00a0\u00a0\u00a0La pr\u00e9paration aux entretiens<\/p>\n<p>Voici quelques exemples d&rsquo;\u00e9coles\u00a0o\u00f9 les \u00e9tudiants et dipl\u00f4m\u00e9s de la FAA poursuivent leurs \u00e9tudes\u00a0:<\/p>\n<p>\u2013\u00a0\u00a0\u00a0\u00a0\u00a0\u00a0\u00a0<a href=\"https:\/\/bca-admissions.bergen.org\/\">Bergen County Academies, NJ<\/a><\/p>\n<p>\u2013\u00a0\u00a0\u00a0\u00a0\u00a0\u00a0\u00a0<a href=\"https:\/\/www.bergencatholic.org\/\">Bergen Catholic, NJ<\/a><\/p>\n<p>\u2013\u00a0\u00a0\u00a0\u00a0\u00a0\u00a0\u00a0<a href=\"https:\/\/www.barcaacademy.com\/\">FC Barcelona Soccer Academy, AZ<\/a><\/p>\n<p>\u2013\u00a0\u00a0\u00a0\u00a0\u00a0\u00a0\u00a0<a href=\"http:\/\/www.hcstonline.org\/category\/county-prep-high-school\/\">Hudson County Prep, NJ<\/a><\/p>\n<p>\u2013\u00a0\u00a0\u00a0\u00a0\u00a0\u00a0\u00a0<a href=\"http:\/\/hths.hcstonline.org\/\">Hudson County\u00a0High\u00a0Tech, NJ<\/a><\/p>\n<p>\u2013\u00a0\u00a0\u00a0\u00a0\u00a0\u00a0\u00a0<a href=\"https:\/\/www.thehudsonschool.org\/\">Hudson\u00a0School, NJ<\/a><\/p>\n<p>\u2013\u00a0\u00a0\u00a0\u00a0\u00a0\u00a0\u00a0<a href=\"https:\/\/www.lfny.org\/\">Lyc\u00e9e Fran\u00e7ais de New York, NY<\/a><\/p>\n<p>\u2013\u00a0\u00a0\u00a0\u00a0\u00a0\u00a0\u00a0<a href=\"https:\/\/mhs.jcboe.org\/\">Mc Nair\u00a0High\u00a0School, JC<\/a><\/p>\n<p>\u2013\u00a0\u00a0\u00a0\u00a0\u00a0\u00a0\u00a0<a href=\"https:\/\/spprep.org\/\">Saint Peters Prep, NJ<\/a><\/p>\n<p>\u2013\u00a0\u00a0\u00a0\u00a0\u00a0\u00a0\u00a0<a href=\"https:\/\/www.unis.org\/\">UNIS \u2013 International\u00a0School\u00a0of United Nations, NY<\/a><\/p>\n<p>&nbsp;<\/p>\n<p><\/p>\n\t\t\t\t\t\t\t\t<\/div>\n\t\t\t\t<\/div>\n\t\t\t\t\t<\/div>\n\t\t<\/div>\n\t\t\t\t\t<\/div>\n\t\t<\/section>\n\t\t\t\t<section class=\"elementor-section elementor-top-section elementor-element elementor-element-140d0c04 elementor-section-boxed elementor-section-height-default elementor-section-height-default\" data-id=\"140d0c04\" data-element_type=\"section\" data-e-type=\"section\" data-settings=\"{&quot;background_background&quot;:&quot;classic&quot;}\">\n\t\t\t\t\t\t\t<div class=\"elementor-background-overlay\"><\/div>\n\t\t\t\t\t\t\t<div class=\"elementor-container elementor-column-gap-default\">\n\t\t\t\t\t<div class=\"elementor-column elementor-col-100 elementor-top-column elementor-element elementor-element-3a42a6ed\" data-id=\"3a42a6ed\" data-element_type=\"column\" data-e-type=\"column\">\n\t\t\t<div class=\"elementor-widget-wrap elementor-element-populated\">\n\t\t\t\t\t\t<div class=\"elementor-element elementor-element-e9d1d9c elementor-widget elementor-widget-image\" data-id=\"e9d1d9c\" data-element_type=\"widget\" data-e-type=\"widget\" data-widget_type=\"image.default\">\n\t\t\t\t<div class=\"elementor-widget-container\">\n\t\t\t\t\t\t\t\t\t\t\t\t\t\t\t<img fetchpriority=\"high\" decoding=\"async\" width=\"684\" height=\"264\" src=\"https:\/\/faacademy.org\/wp-content\/uploads\/2020\/07\/FAA_Logo_w_tag_Blue_1line.jpg\" class=\"attachment-large size-large wp-image-15161\" alt=\"Missions and values\" srcset=\"https:\/\/faacademy.org\/wp-content\/uploads\/2020\/07\/FAA_Logo_w_tag_Blue_1line.jpg 684w, https:\/\/faacademy.org\/wp-content\/uploads\/2020\/07\/FAA_Logo_w_tag_Blue_1line-300x116.jpg 300w\" sizes=\"(max-width: 684px) 100vw, 684px\" \/>\t\t\t\t\t\t\t\t\t\t\t\t\t\t\t<\/div>\n\t\t\t\t<\/div>\n\t\t\t\t<div class=\"elementor-element elementor-element-7405f328 elementor-widget elementor-widget-global elementor-global-18817 elementor-widget-heading\" data-id=\"7405f328\" data-element_type=\"widget\" data-e-type=\"widget\" data-widget_type=\"heading.default\">\n\t\t\t\t<div class=\"elementor-widget-container\">\n\t\t\t\t\t<h1 class=\"elementor-heading-title elementor-size-xxl\">We Provide Bilingual Education\n<br>For\n<br>International Citizens<\/h1>\t\t\t\t<\/div>\n\t\t\t\t<\/div>\n\t\t\t\t<section class=\"elementor-section elementor-inner-section elementor-element elementor-element-5fa6fd10 elementor-section-boxed elementor-section-height-default elementor-section-height-default\" data-id=\"5fa6fd10\" data-element_type=\"section\" data-e-type=\"section\">\n\t\t\t\t\t\t<div class=\"elementor-container elementor-column-gap-default\">\n\t\t\t\t\t<div class=\"elementor-column elementor-col-50 elementor-inner-column elementor-element elementor-element-558fd\" data-id=\"558fd\" data-element_type=\"column\" data-e-type=\"column\">\n\t\t\t<div class=\"elementor-widget-wrap elementor-element-populated\">\n\t\t\t\t\t\t<div class=\"elementor-element elementor-element-32d41e76 elementor-align-center elementor-widget elementor-widget-button\" data-id=\"32d41e76\" data-element_type=\"widget\" data-e-type=\"widget\" data-widget_type=\"button.default\">\n\t\t\t\t<div class=\"elementor-widget-container\">\n\t\t\t\t\t\t\t\t\t<div class=\"elementor-button-wrapper\">\n\t\t\t\t\t<a class=\"elementor-button elementor-button-link elementor-size-xl\" href=\"https:\/\/faacademy.org\/fr\/the-french-american-academy-2\/nous-rendre-visite\/\">\n\t\t\t\t\t\t<span class=\"elementor-button-content-wrapper\">\n\t\t\t\t\t\t\t\t\t<span class=\"elementor-button-text\">Nous rendre visite<\/span>\n\t\t\t\t\t<\/span>\n\t\t\t\t\t<\/a>\n\t\t\t\t<\/div>\n\t\t\t\t\t\t\t\t<\/div>\n\t\t\t\t<\/div>\n\t\t\t\t\t<\/div>\n\t\t<\/div>\n\t\t\t\t<div class=\"elementor-column elementor-col-50 elementor-inner-column elementor-element elementor-element-5fefdb4\" data-id=\"5fefdb4\" data-element_type=\"column\" data-e-type=\"column\">\n\t\t\t<div class=\"elementor-widget-wrap elementor-element-populated\">\n\t\t\t\t\t\t<div class=\"elementor-element elementor-element-676df474 elementor-align-center elementor-widget elementor-widget-button\" data-id=\"676df474\" data-element_type=\"widget\" data-e-type=\"widget\" data-widget_type=\"button.default\">\n\t\t\t\t<div class=\"elementor-widget-container\">\n\t\t\t\t\t\t\t\t\t<div class=\"elementor-button-wrapper\">\n\t\t\t\t\t<a class=\"elementor-button elementor-button-link elementor-size-xl\" href=\"https:\/\/faacademy.org\/fr\/admissions-2\/processus-dinscription\/\">\n\t\t\t\t\t\t<span class=\"elementor-button-content-wrapper\">\n\t\t\t\t\t\t\t\t\t<span class=\"elementor-button-text\">S'inscrire<\/span>\n\t\t\t\t\t<\/span>\n\t\t\t\t\t<\/a>\n\t\t\t\t<\/div>\n\t\t\t\t\t\t\t\t<\/div>\n\t\t\t\t<\/div>\n\t\t\t\t\t<\/div>\n\t\t<\/div>\n\t\t\t\t\t<\/div>\n\t\t<\/section>\n\t\t\t\t\t<\/div>\n\t\t<\/div>\n\t\t\t\t\t<\/div>\n\t\t<\/section>\n\t\t\t\t<\/div>\n\t\t","protected":false},"excerpt":{"rendered":"<p>Un peu perdus par les choix pour la High School? The French American Academy fournit aux familles des informations et un soutien pour le placement dans le secondaire. Notre \u00e9quipe du coll\u00e8ge aidera les parents \u00e0 naviguer dans les conditions et les proc\u00e9dures d&rsquo;admission en high school am\u00e9ricaine souvent compliqu\u00e9es. Une pr\u00e9sentation g\u00e9n\u00e9rale a lieu [&hellip;]<\/p>\n","protected":false},"author":2,"featured_media":18669,"parent":0,"menu_order":0,"comment_status":"closed","ping_status":"closed","template":"","meta":{"_acf_changed":false,"footnotes":""},"class_list":["post-18664","page","type-page","status-publish","has-post-thumbnail","hentry"],"acf":[],"_links":{"self":[{"href":"https:\/\/faacademy.org\/fr\/wp-json\/wp\/v2\/pages\/18664","targetHints":{"allow":["GET"]}}],"collection":[{"href":"https:\/\/faacademy.org\/fr\/wp-json\/wp\/v2\/pages"}],"about":[{"href":"https:\/\/faacademy.org\/fr\/wp-json\/wp\/v2\/types\/page"}],"author":[{"embeddable":true,"href":"https:\/\/faacademy.org\/fr\/wp-json\/wp\/v2\/users\/2"}],"replies":[{"embeddable":true,"href":"https:\/\/faacademy.org\/fr\/wp-json\/wp\/v2\/comments?post=18664"}],"version-history":[{"count":0,"href":"https:\/\/faacademy.org\/fr\/wp-json\/wp\/v2\/pages\/18664\/revisions"}],"wp:featuredmedia":[{"embeddable":true,"href":"https:\/\/faacademy.org\/fr\/wp-json\/wp\/v2\/media\/18669"}],"wp:attachment":[{"href":"https:\/\/faacademy.org\/fr\/wp-json\/wp\/v2\/media?parent=18664"}],"curies":[{"name":"wp","href":"https:\/\/api.w.org\/{rel}","templated":true}]}}