{"id":28277,"date":"2023-02-10T14:07:50","date_gmt":"2023-02-10T19:07:50","guid":{"rendered":"https:\/\/faacademy.org\/soutien-aux-etudiants\/"},"modified":"2023-02-10T14:11:15","modified_gmt":"2023-02-10T19:11:15","slug":"soutien-aux-etudiants","status":"publish","type":"page","link":"https:\/\/faacademy.org\/fr\/soutien-aux-etudiants\/","title":{"rendered":"Soutien aux \u00e9tudiants"},"content":{"rendered":"\t\t<div data-elementor-type=\"wp-page\" data-elementor-id=\"28277\" class=\"elementor elementor-28277 elementor-22668\" data-elementor-post-type=\"page\">\n\t\t\t\t\t\t<section class=\"elementor-section elementor-top-section elementor-element elementor-element-4defe224 elementor-section-height-min-height elementor-section-items-bottom elementor-section-boxed elementor-section-height-default\" data-id=\"4defe224\" data-element_type=\"section\" data-e-type=\"section\" data-settings=\"{&quot;background_background&quot;:&quot;classic&quot;}\">\n\t\t\t\t\t\t\t<div class=\"elementor-background-overlay\"><\/div>\n\t\t\t\t\t\t\t<div class=\"elementor-container elementor-column-gap-default\">\n\t\t\t\t\t<div class=\"elementor-column elementor-col-100 elementor-top-column elementor-element elementor-element-22dbeedc\" data-id=\"22dbeedc\" data-element_type=\"column\" data-e-type=\"column\">\n\t\t\t<div class=\"elementor-widget-wrap elementor-element-populated\">\n\t\t\t\t\t\t<div class=\"elementor-element elementor-element-12d8d906 elementor-widget elementor-widget-heading\" data-id=\"12d8d906\" data-element_type=\"widget\" data-e-type=\"widget\" data-widget_type=\"heading.default\">\n\t\t\t\t<div class=\"elementor-widget-container\">\n\t\t\t\t\t<h1 class=\"elementor-heading-title elementor-size-default\">Soutien aux \u00e9tudiants<\/h1>\t\t\t\t<\/div>\n\t\t\t\t<\/div>\n\t\t\t\t\t<\/div>\n\t\t<\/div>\n\t\t\t\t\t<\/div>\n\t\t<\/section>\n\t\t\t\t<section class=\"elementor-section elementor-top-section elementor-element elementor-element-4be0e66b elementor-section-boxed elementor-section-height-default elementor-section-height-default\" data-id=\"4be0e66b\" data-element_type=\"section\" data-e-type=\"section\">\n\t\t\t\t\t\t<div class=\"elementor-container elementor-column-gap-default\">\n\t\t\t\t\t<div class=\"elementor-column elementor-col-100 elementor-top-column elementor-element elementor-element-4bb7ed5e\" data-id=\"4bb7ed5e\" data-element_type=\"column\" data-e-type=\"column\">\n\t\t\t<div class=\"elementor-widget-wrap elementor-element-populated\">\n\t\t\t\t\t\t<div class=\"elementor-element elementor-element-5d7e719a elementor-widget elementor-widget-global elementor-global-21579 elementor-widget-breadcrumbs\" data-id=\"5d7e719a\" data-element_type=\"widget\" data-e-type=\"widget\" data-widget_type=\"breadcrumbs.default\">\n\t\t\t\t<div class=\"elementor-widget-container\">\n\t\t\t\t\t<p id=\"breadcrumbs\"><span><span><a href=\"https:\/\/faacademy.org\/\"><span class=\"fa fa-home\"><\/span><\/a><\/span><\/span><\/p>\t\t\t\t<\/div>\n\t\t\t\t<\/div>\n\t\t\t\t\t<\/div>\n\t\t<\/div>\n\t\t\t\t\t<\/div>\n\t\t<\/section>\n\t\t\t\t<section class=\"elementor-section elementor-top-section elementor-element elementor-element-837a9f8 marge full elementor-section-boxed elementor-section-height-default elementor-section-height-default\" data-id=\"837a9f8\" data-element_type=\"section\" data-e-type=\"section\" data-settings=\"{&quot;background_background&quot;:&quot;gradient&quot;}\">\n\t\t\t\t\t\t<div class=\"elementor-container elementor-column-gap-default\">\n\t\t\t\t\t<div class=\"elementor-column elementor-col-100 elementor-top-column elementor-element elementor-element-5c286db\" data-id=\"5c286db\" data-element_type=\"column\" data-e-type=\"column\">\n\t\t\t<div class=\"elementor-widget-wrap elementor-element-populated\">\n\t\t\t\t\t\t<div class=\"elementor-element elementor-element-cfa3f51 elementor-widget elementor-widget-heading\" data-id=\"cfa3f51\" data-element_type=\"widget\" data-e-type=\"widget\" data-widget_type=\"heading.default\">\n\t\t\t\t<div class=\"elementor-widget-container\">\n\t\t\t\t\t<h2 class=\"elementor-heading-title elementor-size-default\">Voici de  <strong>l'Aide <\/strong><\/h2>\t\t\t\t<\/div>\n\t\t\t\t<\/div>\n\t\t\t\t<div class=\"elementor-element elementor-element-90776d7 elementor-widget elementor-widget-text-editor\" data-id=\"90776d7\" data-element_type=\"widget\" data-e-type=\"widget\" data-widget_type=\"text-editor.default\">\n\t\t\t\t<div class=\"elementor-widget-container\">\n\t\t\t\t\t\t\t\t\t<p id=\"tw-target-text\" class=\"tw-data-text tw-text-large tw-ta\" dir=\"ltr\" data-placeholder=\"Translation\"><span class=\"Y2IQFc\" lang=\"fr\">Pour les besoins particuliers, la French American Academy est fi\u00e8re de proposer une approche globale aux \u00e9tudiants qui pr\u00e9sentent des difficult\u00e9s linguistiques, \u00e9ducatives ou sociales.<\/span><\/p>\n\t\t\t\t\t\t\t\t<\/div>\n\t\t\t\t<\/div>\n\t\t\t\t<div class=\"elementor-element elementor-element-71d74f5 elementor-widget elementor-widget-heading\" data-id=\"71d74f5\" data-element_type=\"widget\" data-e-type=\"widget\" data-widget_type=\"heading.default\">\n\t\t\t\t<div class=\"elementor-widget-container\">\n\t\t\t\t\t<h2 class=\"elementor-heading-title elementor-size-default\"><strong>ESL-FSL<\/strong> intervention (Anglais ou fran\u00e7ais seconde langue) <\/h2>\t\t\t\t<\/div>\n\t\t\t\t<\/div>\n\t\t\t\t<div class=\"elementor-element elementor-element-d0e7e1f elementor-widget elementor-widget-text-editor\" data-id=\"d0e7e1f\" data-element_type=\"widget\" data-e-type=\"widget\" data-widget_type=\"text-editor.default\">\n\t\t\t\t<div class=\"elementor-widget-container\">\n\t\t\t\t\t\t\t\t\t<p id=\"tw-target-text\" class=\"tw-data-text tw-text-large tw-ta\" dir=\"ltr\" data-placeholder=\"Translation\"><span class=\"Y2IQFc\" lang=\"fr\">Les professeurs de soutien linguistique de notre \u00e9quipe dispensent des cours suppl\u00e9mentaires en fran\u00e7ais ou en anglais. <\/span><\/p>\n<p class=\"tw-data-text tw-text-large tw-ta\" dir=\"ltr\" data-placeholder=\"Translation\"><span class=\"Y2IQFc\" lang=\"fr\">Les cours d&rsquo;anglais seconde langue ESL sont con\u00e7us pour enseigner l&rsquo;anglais aux \u00e9tudiants non anglophones \u00e0 un rythme et\/ou \u00e0 un niveau adapt\u00e9s aux capacit\u00e9s de chaque \u00e9tudiant. Les \u00e9l\u00e8ves non anglophones sont accept\u00e9s \u00e0 tous les niveaux. <\/span><\/p>\n<p class=\"tw-data-text tw-text-large tw-ta\" dir=\"ltr\" data-placeholder=\"Translation\"><span class=\"Y2IQFc\" lang=\"fr\">Le soutien en fran\u00e7ais seconde langue FLS est disponible pour les \u00e9l\u00e8ves anglophones \u00e0 partir de la maternelle et plus. (Dans les petites classes, l&rsquo;enfant sera immerg\u00e9 \u00e0 environ 80 % en fran\u00e7ais et ne devrait pas avoir besoin d&rsquo;exposition suppl\u00e9mentaire.<\/span><\/p>\n\t\t\t\t\t\t\t\t<\/div>\n\t\t\t\t<\/div>\n\t\t\t\t<div class=\"elementor-element elementor-element-fa07788 elementor-widget elementor-widget-heading\" data-id=\"fa07788\" data-element_type=\"widget\" data-e-type=\"widget\" data-widget_type=\"heading.default\">\n\t\t\t\t<div class=\"elementor-widget-container\">\n\t\t\t\t\t<h2 class=\"elementor-heading-title elementor-size-default\"><strong>Instruction<\/strong> Soutien aux \u00e9tudiants<\/h2>\t\t\t\t<\/div>\n\t\t\t\t<\/div>\n\t\t\t\t<div class=\"elementor-element elementor-element-77cd290 elementor-widget elementor-widget-text-editor\" data-id=\"77cd290\" data-element_type=\"widget\" data-e-type=\"widget\" data-widget_type=\"text-editor.default\">\n\t\t\t\t<div class=\"elementor-widget-container\">\n\t\t\t\t\t\t\t\t\t<p id=\"tw-target-text\" class=\"tw-data-text tw-text-large tw-ta\" dir=\"ltr\" data-placeholder=\"Translation\"><span class=\"Y2IQFc\" lang=\"fr\">Un \u00e9l\u00e8ve peut avoir besoin d&rsquo;une aide temporaire ou \u00e0 long terme en lecture, en \u00e9criture et en math\u00e9matiques. Le programme de soutien p\u00e9dagogique est l\u00e0 pour renforcer l&rsquo;\u00e9l\u00e8ve dans ses apprentissages scolaires. <\/span><\/p>\n<p class=\"tw-data-text tw-text-large tw-ta\" dir=\"ltr\" data-placeholder=\"Translation\"><span class=\"Y2IQFc\" lang=\"fr\">L&rsquo;\u00e9quipe est compos\u00e9e de la directrice, de la coordonnatrice du soutien aux \u00e9l\u00e8ves, des professeurs de fran\u00e7ais et d&rsquo;anglais charg\u00e9s de faire face aux difficult\u00e9s.<\/span><\/p>\n\t\t\t\t\t\t\t\t<\/div>\n\t\t\t\t<\/div>\n\t\t\t\t<section class=\"elementor-section elementor-inner-section elementor-element elementor-element-a0f2aec elementor-section-boxed elementor-section-height-default elementor-section-height-default\" data-id=\"a0f2aec\" data-element_type=\"section\" data-e-type=\"section\">\n\t\t\t\t\t\t<div class=\"elementor-container elementor-column-gap-default\">\n\t\t\t\t\t<div class=\"elementor-column elementor-col-33 elementor-inner-column elementor-element elementor-element-a530111\" data-id=\"a530111\" data-element_type=\"column\" data-e-type=\"column\">\n\t\t\t<div class=\"elementor-widget-wrap elementor-element-populated\">\n\t\t\t\t\t\t<div class=\"elementor-element elementor-element-4092443 elementor-widget elementor-widget-image\" data-id=\"4092443\" data-element_type=\"widget\" data-e-type=\"widget\" data-widget_type=\"image.default\">\n\t\t\t\t<div class=\"elementor-widget-container\">\n\t\t\t\t\t\t\t\t\t\t\t\t\t\t\t<img fetchpriority=\"high\" decoding=\"async\" width=\"800\" height=\"800\" src=\"https:\/\/faacademy.org\/wp-content\/uploads\/2022\/11\/Laurianne-Neidecker.jpg\" class=\"attachment-large size-large wp-image-22672\" alt=\"Laurianne Neidecker\" srcset=\"https:\/\/faacademy.org\/wp-content\/uploads\/2022\/11\/Laurianne-Neidecker.jpg 800w, https:\/\/faacademy.org\/wp-content\/uploads\/2022\/11\/Laurianne-Neidecker-300x300.jpg 300w, https:\/\/faacademy.org\/wp-content\/uploads\/2022\/11\/Laurianne-Neidecker-150x150.jpg 150w, https:\/\/faacademy.org\/wp-content\/uploads\/2022\/11\/Laurianne-Neidecker-768x768.jpg 768w\" sizes=\"(max-width: 800px) 100vw, 800px\" \/>\t\t\t\t\t\t\t\t\t\t\t\t\t\t\t<\/div>\n\t\t\t\t<\/div>\n\t\t\t\t<div class=\"elementor-element elementor-element-182dba8 elementor-widget elementor-widget-text-editor\" data-id=\"182dba8\" data-element_type=\"widget\" data-e-type=\"widget\" data-widget_type=\"text-editor.default\">\n\t\t\t\t<div class=\"elementor-widget-container\">\n\t\t\t\t\t\t\t\t\t<p class=\"elementor-image-box-title\" style=\"text-align: center;\"><span style=\"color: #3d5d95;\"><strong><a style=\"color: #3d5d95;\" href=\"https:\/\/www.choisirmavie.org\/\">Laurianne Neidecker<\/a><\/strong><\/span><\/p>\n<p style=\"text-align: center;\"><span style=\"color: #3d5d95;\">Licensed Psychologist, Ph. D.<\/span><\/p>\n\t\t\t\t\t\t\t\t<\/div>\n\t\t\t\t<\/div>\n\t\t\t\t\t<\/div>\n\t\t<\/div>\n\t\t\t\t<div class=\"elementor-column elementor-col-33 elementor-inner-column elementor-element elementor-element-4ea7181\" data-id=\"4ea7181\" data-element_type=\"column\" data-e-type=\"column\">\n\t\t\t<div class=\"elementor-widget-wrap elementor-element-populated\">\n\t\t\t\t\t\t<div class=\"elementor-element elementor-element-aa4839d elementor-widget elementor-widget-image\" data-id=\"aa4839d\" data-element_type=\"widget\" data-e-type=\"widget\" data-widget_type=\"image.default\">\n\t\t\t\t<div class=\"elementor-widget-container\">\n\t\t\t\t\t\t\t\t\t\t\t\t\t\t\t<img decoding=\"async\" width=\"600\" height=\"600\" src=\"https:\/\/faacademy.org\/wp-content\/uploads\/2021\/06\/france-weill.jpg\" class=\"attachment-large size-large wp-image-17502\" alt=\"\" srcset=\"https:\/\/faacademy.org\/wp-content\/uploads\/2021\/06\/france-weill.jpg 600w, https:\/\/faacademy.org\/wp-content\/uploads\/2021\/06\/france-weill-300x300.jpg 300w, https:\/\/faacademy.org\/wp-content\/uploads\/2021\/06\/france-weill-150x150.jpg 150w\" sizes=\"(max-width: 600px) 100vw, 600px\" \/>\t\t\t\t\t\t\t\t\t\t\t\t\t\t\t<\/div>\n\t\t\t\t<\/div>\n\t\t\t\t<div class=\"elementor-element elementor-element-0828fa6 elementor-widget elementor-widget-text-editor\" data-id=\"0828fa6\" data-element_type=\"widget\" data-e-type=\"widget\" data-widget_type=\"text-editor.default\">\n\t\t\t\t<div class=\"elementor-widget-container\">\n\t\t\t\t\t\t\t\t\t<p class=\"elementor-image-box-title\" style=\"text-align: center;\"><strong><span style=\"font-size: 16px; color: #3d5d95;\"><a style=\"color: #3d5d95;\" href=\"https:\/\/shs.touro.edu\/programs\/speech-language-pathology\/faculty--staff\/france-weill.php\">France Weill<\/a><\/span><\/strong><\/p>\n<p class=\"elementor-image-box-description\" style=\"text-align: center;\"><span style=\"font-size: 16px; color: #3d5d95;\">Licensed Speech Therapist, Ph.D., CCC-SLP<\/span><\/p>\n\t\t\t\t\t\t\t\t<\/div>\n\t\t\t\t<\/div>\n\t\t\t\t\t<\/div>\n\t\t<\/div>\n\t\t\t\t<div class=\"elementor-column elementor-col-33 elementor-inner-column elementor-element elementor-element-627b4d5\" data-id=\"627b4d5\" data-element_type=\"column\" data-e-type=\"column\">\n\t\t\t<div class=\"elementor-widget-wrap elementor-element-populated\">\n\t\t\t\t\t\t<div class=\"elementor-element elementor-element-9aa83b4 elementor-widget elementor-widget-image\" data-id=\"9aa83b4\" data-element_type=\"widget\" data-e-type=\"widget\" data-widget_type=\"image.default\">\n\t\t\t\t<div class=\"elementor-widget-container\">\n\t\t\t\t\t\t\t\t\t\t\t\t\t\t\t<img decoding=\"async\" width=\"582\" height=\"640\" src=\"https:\/\/faacademy.org\/wp-content\/uploads\/2022\/01\/image0-e1669832958351.jpeg\" class=\"attachment-medium_large size-medium_large wp-image-18649\" alt=\"Agathe David Weil\" \/>\t\t\t\t\t\t\t\t\t\t\t\t\t\t\t<\/div>\n\t\t\t\t<\/div>\n\t\t\t\t<div class=\"elementor-element elementor-element-080254d elementor-widget elementor-widget-text-editor\" data-id=\"080254d\" data-element_type=\"widget\" data-e-type=\"widget\" data-widget_type=\"text-editor.default\">\n\t\t\t\t<div class=\"elementor-widget-container\">\n\t\t\t\t\t\t\t\t\t<p class=\"elementor-image-box-title\" style=\"text-align: center;\"><strong><span style=\"font-size: 16px; color: #3d5d95;\">Agathe David Weill<\/span><\/strong><\/p>\n<p class=\"elementor-image-box-description\" style=\"text-align: center;\"><span style=\"font-size: 16px; color: #3d5d95;\">Licensed Clinical Social Worker, M.S.W.<\/span><\/p>\n\t\t\t\t\t\t\t\t<\/div>\n\t\t\t\t<\/div>\n\t\t\t\t\t<\/div>\n\t\t<\/div>\n\t\t\t\t\t<\/div>\n\t\t<\/section>\n\t\t\t\t<section class=\"elementor-section elementor-inner-section elementor-element elementor-element-94f1850 elementor-section-boxed elementor-section-height-default elementor-section-height-default\" data-id=\"94f1850\" data-element_type=\"section\" data-e-type=\"section\">\n\t\t\t\t\t\t<div class=\"elementor-container elementor-column-gap-default\">\n\t\t\t\t\t<div class=\"elementor-column elementor-col-100 elementor-inner-column elementor-element elementor-element-ec58fb3\" data-id=\"ec58fb3\" data-element_type=\"column\" data-e-type=\"column\">\n\t\t\t<div class=\"elementor-widget-wrap elementor-element-populated\">\n\t\t\t\t\t\t<div class=\"elementor-element elementor-element-57bf881 elementor-widget elementor-widget-text-editor\" data-id=\"57bf881\" data-element_type=\"widget\" data-e-type=\"widget\" data-widget_type=\"text-editor.default\">\n\t\t\t\t<div class=\"elementor-widget-container\">\n\t\t\t\t\t\t\t\t\t<p id=\"tw-target-text\" class=\"tw-data-text tw-text-large tw-ta\" dir=\"ltr\" data-placeholder=\"Translation\"><span class=\"Y2IQFc\" lang=\"fr\">Le but de l&rsquo;\u00e9quipe d&rsquo;intervention est de fournir une assistance professionnelle interne aux \u00e9tudiants qui d\u00e9montrent des besoins d&rsquo;apprentissage, de comportement ou de sant\u00e9 (selon l&rsquo;\u00c9tat du NJ). L&rsquo;\u00e9quipe d&rsquo;intervention fournit un processus collaboratif efficace de r\u00e9solution de probl\u00e8mes.<\/span><\/p>\n\t\t\t\t\t\t\t\t<\/div>\n\t\t\t\t<\/div>\n\t\t\t\t\t<\/div>\n\t\t<\/div>\n\t\t\t\t\t<\/div>\n\t\t<\/section>\n\t\t\t\t\t<\/div>\n\t\t<\/div>\n\t\t\t\t\t<\/div>\n\t\t<\/section>\n\t\t\t\t<\/div>\n\t\t","protected":false},"excerpt":{"rendered":"<p>Soutien aux \u00e9tudiants Voici de l&rsquo;Aide Pour les besoins particuliers, la French American Academy est fi\u00e8re de proposer une approche globale aux \u00e9tudiants qui pr\u00e9sentent des difficult\u00e9s linguistiques, \u00e9ducatives ou sociales. ESL-FSL intervention (Anglais ou fran\u00e7ais seconde langue) Les professeurs de soutien linguistique de notre \u00e9quipe dispensent des cours suppl\u00e9mentaires en fran\u00e7ais ou en anglais. [&hellip;]<\/p>\n","protected":false},"author":19,"featured_media":0,"parent":0,"menu_order":0,"comment_status":"closed","ping_status":"closed","template":"elementor_header_footer","meta":{"_acf_changed":false,"footnotes":""},"class_list":["post-28277","page","type-page","status-publish","hentry"],"acf":[],"_links":{"self":[{"href":"https:\/\/faacademy.org\/fr\/wp-json\/wp\/v2\/pages\/28277","targetHints":{"allow":["GET"]}}],"collection":[{"href":"https:\/\/faacademy.org\/fr\/wp-json\/wp\/v2\/pages"}],"about":[{"href":"https:\/\/faacademy.org\/fr\/wp-json\/wp\/v2\/types\/page"}],"author":[{"embeddable":true,"href":"https:\/\/faacademy.org\/fr\/wp-json\/wp\/v2\/users\/19"}],"replies":[{"embeddable":true,"href":"https:\/\/faacademy.org\/fr\/wp-json\/wp\/v2\/comments?post=28277"}],"version-history":[{"count":0,"href":"https:\/\/faacademy.org\/fr\/wp-json\/wp\/v2\/pages\/28277\/revisions"}],"wp:attachment":[{"href":"https:\/\/faacademy.org\/fr\/wp-json\/wp\/v2\/media?parent=28277"}],"curies":[{"name":"wp","href":"https:\/\/api.w.org\/{rel}","templated":true}]}}