{"id":28310,"date":"2023-02-10T15:03:14","date_gmt":"2023-02-10T20:03:14","guid":{"rendered":"https:\/\/faacademy.org\/admission-au-lycee\/"},"modified":"2023-02-10T15:03:15","modified_gmt":"2023-02-10T20:03:15","slug":"admission-au-lycee","status":"publish","type":"page","link":"https:\/\/faacademy.org\/fr\/admission-au-lycee\/","title":{"rendered":"Admission au lyc\u00e9e"},"content":{"rendered":"\t\t<div data-elementor-type=\"wp-page\" data-elementor-id=\"28310\" class=\"elementor elementor-28310 elementor-23670\" data-elementor-post-type=\"page\">\n\t\t\t\t\t\t<section class=\"elementor-section elementor-top-section elementor-element elementor-element-4defe224 elementor-section-height-min-height elementor-section-items-bottom elementor-section-boxed elementor-section-height-default\" data-id=\"4defe224\" data-element_type=\"section\" data-e-type=\"section\" data-settings=\"{&quot;background_background&quot;:&quot;classic&quot;}\">\n\t\t\t\t\t\t\t<div class=\"elementor-background-overlay\"><\/div>\n\t\t\t\t\t\t\t<div class=\"elementor-container elementor-column-gap-default\">\n\t\t\t\t\t<div class=\"elementor-column elementor-col-100 elementor-top-column elementor-element elementor-element-22dbeedc\" data-id=\"22dbeedc\" data-element_type=\"column\" data-e-type=\"column\">\n\t\t\t<div class=\"elementor-widget-wrap elementor-element-populated\">\n\t\t\t\t\t\t<div class=\"elementor-element elementor-element-12d8d906 elementor-widget elementor-widget-heading\" data-id=\"12d8d906\" data-element_type=\"widget\" data-e-type=\"widget\" data-widget_type=\"heading.default\">\n\t\t\t\t<div class=\"elementor-widget-container\">\n\t\t\t\t\t<h1 class=\"elementor-heading-title elementor-size-default\">Admission au lyc\u00e9e<\/h1>\t\t\t\t<\/div>\n\t\t\t\t<\/div>\n\t\t\t\t\t<\/div>\n\t\t<\/div>\n\t\t\t\t\t<\/div>\n\t\t<\/section>\n\t\t\t\t<section class=\"elementor-section elementor-top-section elementor-element elementor-element-4be0e66b elementor-section-boxed elementor-section-height-default elementor-section-height-default\" data-id=\"4be0e66b\" data-element_type=\"section\" data-e-type=\"section\">\n\t\t\t\t\t\t<div class=\"elementor-container elementor-column-gap-default\">\n\t\t\t\t\t<div class=\"elementor-column elementor-col-100 elementor-top-column elementor-element elementor-element-4bb7ed5e\" data-id=\"4bb7ed5e\" data-element_type=\"column\" data-e-type=\"column\">\n\t\t\t<div class=\"elementor-widget-wrap elementor-element-populated\">\n\t\t\t\t\t\t<div class=\"elementor-element elementor-element-5d7e719a elementor-widget elementor-widget-global elementor-global-21579 elementor-widget-breadcrumbs\" data-id=\"5d7e719a\" data-element_type=\"widget\" data-e-type=\"widget\" data-widget_type=\"breadcrumbs.default\">\n\t\t\t\t<div class=\"elementor-widget-container\">\n\t\t\t\t\t<p id=\"breadcrumbs\"><span><span><a href=\"https:\/\/faacademy.org\/\"><span class=\"fa fa-home\"><\/span><\/a><\/span><\/span><\/p>\t\t\t\t<\/div>\n\t\t\t\t<\/div>\n\t\t\t\t\t<\/div>\n\t\t<\/div>\n\t\t\t\t\t<\/div>\n\t\t<\/section>\n\t\t\t\t<section class=\"elementor-section elementor-top-section elementor-element elementor-element-1fcaa31a elementor-section-full_width fondBlanc full elementor-section-height-default elementor-section-height-default\" data-id=\"1fcaa31a\" data-element_type=\"section\" data-e-type=\"section\">\n\t\t\t\t\t\t<div class=\"elementor-container elementor-column-gap-default\">\n\t\t\t\t\t<div class=\"elementor-column elementor-col-100 elementor-top-column elementor-element elementor-element-222f4e48\" data-id=\"222f4e48\" data-element_type=\"column\" data-e-type=\"column\">\n\t\t\t<div class=\"elementor-widget-wrap elementor-element-populated\">\n\t\t\t\t\t\t<div class=\"elementor-element elementor-element-37299b28 elementor-widget elementor-widget-heading\" data-id=\"37299b28\" data-element_type=\"widget\" data-e-type=\"widget\" data-widget_type=\"heading.default\">\n\t\t\t\t<div class=\"elementor-widget-container\">\n\t\t\t\t\t<h2 class=\"elementor-heading-title elementor-size-default\"> \u00cates-vous depass\u00e9 par le processus d'admission au lyc\u00e9e?<\/h2>\t\t\t\t<\/div>\n\t\t\t\t<\/div>\n\t\t\t\t<div class=\"elementor-element elementor-element-621a580f elementor-widget elementor-widget-text-editor\" data-id=\"621a580f\" data-element_type=\"widget\" data-e-type=\"widget\" data-widget_type=\"text-editor.default\">\n\t\t\t\t<div class=\"elementor-widget-container\">\n\t\t\t\t\t\t\t\t\t<p id=\"tw-target-text\" class=\"tw-data-text tw-text-large tw-ta\" dir=\"ltr\" data-placeholder=\"Translation\"><span class=\"Y2IQFc\" lang=\"fr\">La French American Academy fournit aux familles des informations et un soutien pour le placement dans le secondaire. Notre \u00e9quipe du coll\u00e8ge aide les parents \u00e0 naviguer dans les conditions et les proc\u00e9dures d&rsquo;admission au lyc\u00e9e souvent compliqu\u00e9es.<\/span><\/p>\n<p id=\"tw-target-text\" class=\"tw-data-text tw-text-large tw-ta\" dir=\"ltr\" data-placeholder=\"Translation\"><a href=\"https:\/\/prezi.com\/view\/0G9VxzxxNd0MB6hHCPws\/\"><span class=\"Y2IQFc\" lang=\"fr\">Une pr\u00e9sentation g\u00e9n\u00e9rale <\/span><\/a><span class=\"Y2IQFc\" lang=\"fr\">a lieu \u00e0 l&rsquo;automne et au d\u00e9but du second semestre pour tous les parents, suivie de s\u00e9ances personnalis\u00e9es en 4eme . Ces r\u00e9unions aident les parents \u00e0 en savoir plus sur le processus d&rsquo;admission au secondaire et aident \u00e0 identifier les options scolaires qui alimentent l&rsquo;intellect et les passions de chaque \u00e9l\u00e8ve.<\/span><span data-preserver-spaces=\"true\">\u00a0<\/span><\/p>\n\t\t\t\t\t\t\t\t<\/div>\n\t\t\t\t<\/div>\n\t\t\t\t\t<\/div>\n\t\t<\/div>\n\t\t\t\t\t<\/div>\n\t\t<\/section>\n\t\t\t\t<section class=\"elementor-section elementor-top-section elementor-element elementor-element-837a9f8 marge full elementor-section-boxed elementor-section-height-default elementor-section-height-default\" data-id=\"837a9f8\" data-element_type=\"section\" data-e-type=\"section\" data-settings=\"{&quot;background_background&quot;:&quot;gradient&quot;}\">\n\t\t\t\t\t\t<div class=\"elementor-container elementor-column-gap-default\">\n\t\t\t\t\t<div class=\"elementor-column elementor-col-50 elementor-top-column elementor-element elementor-element-5c286db\" data-id=\"5c286db\" data-element_type=\"column\" data-e-type=\"column\">\n\t\t\t<div class=\"elementor-widget-wrap elementor-element-populated\">\n\t\t\t\t\t\t<div class=\"elementor-element elementor-element-71d74f5 elementor-widget elementor-widget-heading\" data-id=\"71d74f5\" data-element_type=\"widget\" data-e-type=\"widget\" data-widget_type=\"heading.default\">\n\t\t\t\t<div class=\"elementor-widget-container\">\n\t\t\t\t\t<h2 class=\"elementor-heading-title elementor-size-default\"><strong>Processus d'Admission<\/strong> : <\/h2>\t\t\t\t<\/div>\n\t\t\t\t<\/div>\n\t\t\t\t<div class=\"elementor-element elementor-element-d0e7e1f elementor-widget elementor-widget-text-editor\" data-id=\"d0e7e1f\" data-element_type=\"widget\" data-e-type=\"widget\" data-widget_type=\"text-editor.default\">\n\t\t\t\t<div class=\"elementor-widget-container\">\n\t\t\t\t\t\t\t\t\t<p style=\"text-align: left;\"><a href=\"https:\/\/prezi.com\/view\/0G9VxzxxNd0MB6hHCPws\/\">Notre \u00e9quipe du coll\u00e8ge aide au cours des diff<\/a><a href=\"https:\/\/prezi.com\/view\/0G9VxzxxNd0MB6hHCPws\/\">\u00e9<\/a><a href=\"https:\/\/prezi.com\/view\/0G9VxzxxNd0MB6hHCPws\/\">rentes etapes<\/a><\/p>\n<p style=\"text-align: left;\"><a href=\"https:\/\/www.faacademy.org\/wp-content\/uploads\/2021\/07\/High-School-Process.pdf\">\u00b7\u00a0\u00a0\u00a0\u00a0\u00a0\u00a0\u00a0\u00a0\u00a0Le processus de candidature et de s\u00e9lection<\/a><\/p>\n<p style=\"text-align: left;\">\u00b7\u00a0\u00a0\u00a0\u00a0\u00a0\u00a0\u00a0\u00a0\u00a0Les lettres de recommandation et les carnets de notes<\/p>\n<p style=\"text-align: left;\">\u00b7\u00a0\u00a0\u00a0\u00a0\u00a0\u00a0\u00a0\u00a0\u00a0La lettre de motivation<\/p>\n<p style=\"text-align: left;\">\u00b7\u00a0\u00a0\u00a0\u00a0\u00a0\u00a0\u00a0\u00a0\u00a0Les c<span class=\"Y2IQFc\" lang=\"fr\">omp\u00e9tences requises lors de l&rsquo;entretien<\/span><\/p>\n\t\t\t\t\t\t\t\t<\/div>\n\t\t\t\t<\/div>\n\t\t\t\t\t<\/div>\n\t\t<\/div>\n\t\t\t\t<div class=\"elementor-column elementor-col-50 elementor-top-column elementor-element elementor-element-a508722\" data-id=\"a508722\" data-element_type=\"column\" data-e-type=\"column\">\n\t\t\t<div class=\"elementor-widget-wrap elementor-element-populated\">\n\t\t\t\t\t\t<div class=\"elementor-element elementor-element-6964e3d elementor-widget elementor-widget-image\" data-id=\"6964e3d\" data-element_type=\"widget\" data-e-type=\"widget\" data-widget_type=\"image.default\">\n\t\t\t\t<div class=\"elementor-widget-container\">\n\t\t\t\t\t\t\t\t\t\t\t\t\t\t\t<img fetchpriority=\"high\" decoding=\"async\" width=\"800\" height=\"539\" src=\"https:\/\/faacademy.org\/wp-content\/uploads\/2018\/03\/graduation-1024x690.jpg\" class=\"attachment-large size-large wp-image-10840\" alt=\"\" srcset=\"https:\/\/faacademy.org\/wp-content\/uploads\/2018\/03\/graduation-1024x690.jpg 1024w, https:\/\/faacademy.org\/wp-content\/uploads\/2018\/03\/graduation-300x202.jpg 300w, https:\/\/faacademy.org\/wp-content\/uploads\/2018\/03\/graduation-768x517.jpg 768w, https:\/\/faacademy.org\/wp-content\/uploads\/2018\/03\/graduation-1536x1035.jpg 1536w, https:\/\/faacademy.org\/wp-content\/uploads\/2018\/03\/graduation-2048x1380.jpg 2048w\" sizes=\"(max-width: 800px) 100vw, 800px\" \/>\t\t\t\t\t\t\t\t\t\t\t\t\t\t\t<\/div>\n\t\t\t\t<\/div>\n\t\t\t\t\t<\/div>\n\t\t<\/div>\n\t\t\t\t\t<\/div>\n\t\t<\/section>\n\t\t\t\t<section class=\"elementor-section elementor-top-section elementor-element elementor-element-67195f5a marge full elementor-section-boxed elementor-section-height-default elementor-section-height-default\" data-id=\"67195f5a\" data-element_type=\"section\" data-e-type=\"section\" data-settings=\"{&quot;background_background&quot;:&quot;gradient&quot;}\">\n\t\t\t\t\t\t<div class=\"elementor-container elementor-column-gap-default\">\n\t\t\t\t\t<div class=\"elementor-column elementor-col-100 elementor-top-column elementor-element elementor-element-5290f507\" data-id=\"5290f507\" data-element_type=\"column\" data-e-type=\"column\">\n\t\t\t<div class=\"elementor-widget-wrap elementor-element-populated\">\n\t\t\t\t\t\t<div class=\"elementor-element elementor-element-5357479b elementor-widget elementor-widget-heading\" data-id=\"5357479b\" data-element_type=\"widget\" data-e-type=\"widget\" data-widget_type=\"heading.default\">\n\t\t\t\t<div class=\"elementor-widget-container\">\n\t\t\t\t\t<h2 class=\"elementor-heading-title elementor-size-default\">Lyc\u00e9es fr\u00e9quent\u00e9s par nos dipl\u00f4m\u00e9s<\/h2>\t\t\t\t<\/div>\n\t\t\t\t<\/div>\n\t\t\t\t<div class=\"elementor-element elementor-element-11aab38e elementor-widget-divider--view-line elementor-widget elementor-widget-divider\" data-id=\"11aab38e\" data-element_type=\"widget\" data-e-type=\"widget\" data-widget_type=\"divider.default\">\n\t\t\t\t<div class=\"elementor-widget-container\">\n\t\t\t\t\t\t\t<div class=\"elementor-divider\">\n\t\t\t<span class=\"elementor-divider-separator\">\n\t\t\t\t\t\t<\/span>\n\t\t<\/div>\n\t\t\t\t\t\t<\/div>\n\t\t\t\t<\/div>\n\t\t\t\t<section class=\"elementor-section elementor-inner-section elementor-element elementor-element-69fc6564 elementor-section-boxed elementor-section-height-default elementor-section-height-default\" data-id=\"69fc6564\" data-element_type=\"section\" data-e-type=\"section\">\n\t\t\t\t\t\t<div class=\"elementor-container elementor-column-gap-default\">\n\t\t\t\t\t<div class=\"elementor-column elementor-col-100 elementor-inner-column elementor-element elementor-element-4b9cc34d\" data-id=\"4b9cc34d\" data-element_type=\"column\" data-e-type=\"column\" data-settings=\"{&quot;background_background&quot;:&quot;classic&quot;}\">\n\t\t\t<div class=\"elementor-widget-wrap elementor-element-populated\">\n\t\t\t\t\t\t<div class=\"elementor-element elementor-element-2b58cacf elementor-widget elementor-widget-text-editor\" data-id=\"2b58cacf\" data-element_type=\"widget\" data-e-type=\"widget\" data-widget_type=\"text-editor.default\">\n\t\t\t\t<div class=\"elementor-widget-container\">\n\t\t\t\t\t\t\t\t\t<p id=\"tw-target-text\" class=\"tw-data-text tw-text-large tw-ta\" dir=\"ltr\" data-placeholder=\"Translation\"><span class=\"Y2IQFc\" lang=\"fr\">Voici quelques exemples d&rsquo;\u00e9coles\u00a0o\u00f9 les \u00e9tudiants et dipl\u00f4m\u00e9s de la FAA poursuivent leurs \u00e9tudes\u00a0:<\/span><\/p>\n<p style=\"text-align: left;\"><a href=\"https:\/\/bca-admissions.bergen.org\/\">Bergen County Academies, NJ<\/a><\/p>\n<p style=\"text-align: left;\"><a href=\"https:\/\/www.bergencatholic.org\/\">Bergen Catholic, NJ<\/a><\/p>\n<p style=\"text-align: left;\"><a href=\"https:\/\/www.barcaacademy.com\/\">FC Barcelona Soccer Academy, AZ<\/a><\/p>\n<p style=\"text-align: left;\"><a href=\"http:\/\/www.hcstonline.org\/category\/county-prep-high-school\/\">Hudson County Prep, NJ<\/a><\/p>\n<p style=\"text-align: left;\"><a href=\"http:\/\/hths.hcstonline.org\/\">Hudson County High Tech, NJ<\/a><\/p>\n<p style=\"text-align: left;\"><a href=\"https:\/\/www.thehudsonschool.org\/\">Hudson School, NJ<\/a><\/p>\n<p style=\"text-align: left;\"><a href=\"https:\/\/www.lfny.org\/\">Lyc\u00e9e Fran\u00e7ais de New York, NY<\/a><\/p>\n<p style=\"text-align: left;\"><a href=\"https:\/\/mhs.jcboe.org\/\">Mc Nair High School, JC<\/a><\/p>\n<p style=\"text-align: left;\"><a href=\"https:\/\/spprep.org\/\">Saint Peters Prep, NJ<\/a><\/p>\n<p style=\"text-align: left;\"><a href=\"https:\/\/www.unis.org\/\">UNIS \u2013 International School of United Nations, NY<\/a><\/p>\n\t\t\t\t\t\t\t\t<\/div>\n\t\t\t\t<\/div>\n\t\t\t\t<div class=\"elementor-element elementor-element-8708653 elementor-arrows-position-inside elementor-pagination-position-outside elementor-widget elementor-widget-image-carousel\" data-id=\"8708653\" data-element_type=\"widget\" data-e-type=\"widget\" data-settings=\"{&quot;slides_to_show&quot;:&quot;5&quot;,&quot;navigation&quot;:&quot;both&quot;,&quot;autoplay&quot;:&quot;yes&quot;,&quot;pause_on_hover&quot;:&quot;yes&quot;,&quot;pause_on_interaction&quot;:&quot;yes&quot;,&quot;autoplay_speed&quot;:5000,&quot;infinite&quot;:&quot;yes&quot;,&quot;speed&quot;:500}\" data-widget_type=\"image-carousel.default\">\n\t\t\t\t<div class=\"elementor-widget-container\">\n\t\t\t\t\t\t\t<div class=\"elementor-image-carousel-wrapper swiper\" role=\"region\" aria-roledescription=\"carousel\" aria-label=\"Carrousel d\u2019images\" dir=\"ltr\">\n\t\t\t<div class=\"elementor-image-carousel swiper-wrapper\" aria-live=\"off\">\n\t\t\t\t\t\t\t\t<div class=\"swiper-slide\" role=\"group\" aria-roledescription=\"slide\" aria-label=\"1 sur 5\"><figure class=\"swiper-slide-inner\"><img decoding=\"async\" class=\"swiper-slide-image\" src=\"https:\/\/faacademy.org\/wp-content\/uploads\/2022\/12\/Bergen-County-Academies-150x150.png\" alt=\"Bergen County Academies\" \/><figcaption class=\"elementor-image-carousel-caption\">Bergen County Academies<\/figcaption><\/figure><\/div><div class=\"swiper-slide\" role=\"group\" aria-roledescription=\"slide\" aria-label=\"2 sur 5\"><figure class=\"swiper-slide-inner\"><img decoding=\"async\" class=\"swiper-slide-image\" src=\"https:\/\/faacademy.org\/wp-content\/uploads\/2022\/12\/Bergen-Catholic1-150x150.png\" alt=\"Bergen Catholic School Logo\" \/><figcaption class=\"elementor-image-carousel-caption\">Bergen Catholic1<\/figcaption><\/figure><\/div><div class=\"swiper-slide\" role=\"group\" aria-roledescription=\"slide\" aria-label=\"3 sur 5\"><figure class=\"swiper-slide-inner\"><img decoding=\"async\" class=\"swiper-slide-image\" src=\"https:\/\/faacademy.org\/wp-content\/uploads\/2022\/12\/Barcelona-logo-escudo-1-150x150.png\" alt=\"FC Barcelona\" \/><figcaption class=\"elementor-image-carousel-caption\">Barcelona-logo-escudo-1<\/figcaption><\/figure><\/div><div class=\"swiper-slide\" role=\"group\" aria-roledescription=\"slide\" aria-label=\"4 sur 5\"><figure class=\"swiper-slide-inner\"><img decoding=\"async\" class=\"swiper-slide-image\" src=\"https:\/\/faacademy.org\/wp-content\/uploads\/2022\/12\/images-removebg-preview-150x150.png\" alt=\"Hudson County High Tech\" \/><figcaption class=\"elementor-image-carousel-caption\">images-removebg-preview<\/figcaption><\/figure><\/div><div class=\"swiper-slide\" role=\"group\" aria-roledescription=\"slide\" aria-label=\"5 sur 5\"><figure class=\"swiper-slide-inner\"><img decoding=\"async\" class=\"swiper-slide-image\" src=\"https:\/\/faacademy.org\/wp-content\/uploads\/2022\/12\/n22X0f5p_400x400-removebg-preview-150x150.png\" alt=\"Hudson School\" \/><figcaption class=\"elementor-image-carousel-caption\">n22X0f5p_400x400-removebg-preview<\/figcaption><\/figure><\/div>\t\t\t<\/div>\n\t\t\t\t\t\t\t\t\t\t\t\t<div class=\"elementor-swiper-button elementor-swiper-button-prev\" role=\"button\" tabindex=\"0\">\n\t\t\t\t\t\t<i aria-hidden=\"true\" class=\"eicon-chevron-left\"><\/i>\t\t\t\t\t<\/div>\n\t\t\t\t\t<div class=\"elementor-swiper-button elementor-swiper-button-next\" role=\"button\" tabindex=\"0\">\n\t\t\t\t\t\t<i aria-hidden=\"true\" class=\"eicon-chevron-right\"><\/i>\t\t\t\t\t<\/div>\n\t\t\t\t\n\t\t\t\t\t\t\t\t\t<div class=\"swiper-pagination\"><\/div>\n\t\t\t\t\t\t\t\t\t<\/div>\n\t\t\t\t\t\t<\/div>\n\t\t\t\t<\/div>\n\t\t\t\t\t<\/div>\n\t\t<\/div>\n\t\t\t\t\t<\/div>\n\t\t<\/section>\n\t\t\t\t<div class=\"elementor-element elementor-element-5061d453 elementor-widget elementor-widget-button\" data-id=\"5061d453\" data-element_type=\"widget\" data-e-type=\"widget\" data-widget_type=\"button.default\">\n\t\t\t\t<div class=\"elementor-widget-container\">\n\t\t\t\t\t\t\t\t\t<div class=\"elementor-button-wrapper\">\n\t\t\t\t\t<a class=\"elementor-button elementor-button-link elementor-size-sm\" href=\"#\">\n\t\t\t\t\t\t<span class=\"elementor-button-content-wrapper\">\n\t\t\t\t\t\t\t\t\t<span class=\"elementor-button-text\">En Savoir Plus<\/span>\n\t\t\t\t\t<\/span>\n\t\t\t\t\t<\/a>\n\t\t\t\t<\/div>\n\t\t\t\t\t\t\t\t<\/div>\n\t\t\t\t<\/div>\n\t\t\t\t\t<\/div>\n\t\t<\/div>\n\t\t\t\t\t<\/div>\n\t\t<\/section>\n\t\t\t\t<\/div>\n\t\t","protected":false},"excerpt":{"rendered":"<p>Admission au lyc\u00e9e \u00cates-vous depass\u00e9 par le processus d&rsquo;admission au lyc\u00e9e? La French American Academy fournit aux familles des informations et un soutien pour le placement dans le secondaire. Notre \u00e9quipe du coll\u00e8ge aide les parents \u00e0 naviguer dans les conditions et les proc\u00e9dures d&rsquo;admission au lyc\u00e9e souvent compliqu\u00e9es. Une pr\u00e9sentation g\u00e9n\u00e9rale a lieu \u00e0 [&hellip;]<\/p>\n","protected":false},"author":19,"featured_media":0,"parent":0,"menu_order":0,"comment_status":"closed","ping_status":"closed","template":"elementor_header_footer","meta":{"_acf_changed":false,"footnotes":""},"class_list":["post-28310","page","type-page","status-publish","hentry"],"acf":[],"_links":{"self":[{"href":"https:\/\/faacademy.org\/fr\/wp-json\/wp\/v2\/pages\/28310","targetHints":{"allow":["GET"]}}],"collection":[{"href":"https:\/\/faacademy.org\/fr\/wp-json\/wp\/v2\/pages"}],"about":[{"href":"https:\/\/faacademy.org\/fr\/wp-json\/wp\/v2\/types\/page"}],"author":[{"embeddable":true,"href":"https:\/\/faacademy.org\/fr\/wp-json\/wp\/v2\/users\/19"}],"replies":[{"embeddable":true,"href":"https:\/\/faacademy.org\/fr\/wp-json\/wp\/v2\/comments?post=28310"}],"version-history":[{"count":0,"href":"https:\/\/faacademy.org\/fr\/wp-json\/wp\/v2\/pages\/28310\/revisions"}],"wp:attachment":[{"href":"https:\/\/faacademy.org\/fr\/wp-json\/wp\/v2\/media?parent=28310"}],"curies":[{"name":"wp","href":"https:\/\/api.w.org\/{rel}","templated":true}]}}