{"id":28319,"date":"2023-02-10T15:24:50","date_gmt":"2023-02-10T20:24:50","guid":{"rendered":"https:\/\/faacademy.org\/le-triangle-de-communication\/"},"modified":"2023-02-22T11:35:40","modified_gmt":"2023-02-22T16:35:40","slug":"le-triangle-de-communication","status":"publish","type":"page","link":"https:\/\/faacademy.org\/fr\/le-triangle-de-communication\/","title":{"rendered":"Le Triangle de Communication"},"content":{"rendered":"\t\t<div data-elementor-type=\"wp-page\" data-elementor-id=\"28319\" class=\"elementor elementor-28319 elementor-24648\" data-elementor-post-type=\"page\">\n\t\t\t\t\t\t<section class=\"elementor-section elementor-top-section elementor-element elementor-element-4defe224 elementor-section-height-min-height elementor-section-items-bottom elementor-section-boxed elementor-section-height-default\" data-id=\"4defe224\" data-element_type=\"section\" data-e-type=\"section\" data-settings=\"{&quot;background_background&quot;:&quot;classic&quot;}\">\n\t\t\t\t\t\t\t<div class=\"elementor-background-overlay\"><\/div>\n\t\t\t\t\t\t\t<div class=\"elementor-container elementor-column-gap-default\">\n\t\t\t\t\t<div class=\"elementor-column elementor-col-100 elementor-top-column elementor-element elementor-element-22dbeedc\" data-id=\"22dbeedc\" data-element_type=\"column\" data-e-type=\"column\">\n\t\t\t<div class=\"elementor-widget-wrap elementor-element-populated\">\n\t\t\t\t\t\t<div class=\"elementor-element elementor-element-12d8d906 elementor-widget elementor-widget-heading\" data-id=\"12d8d906\" data-element_type=\"widget\" data-e-type=\"widget\" data-widget_type=\"heading.default\">\n\t\t\t\t<div class=\"elementor-widget-container\">\n\t\t\t\t\t<h1 class=\"elementor-heading-title elementor-size-default\">Le Triangle de Communication<\/h1>\t\t\t\t<\/div>\n\t\t\t\t<\/div>\n\t\t\t\t\t<\/div>\n\t\t<\/div>\n\t\t\t\t\t<\/div>\n\t\t<\/section>\n\t\t\t\t<section class=\"elementor-section elementor-top-section elementor-element elementor-element-4be0e66b elementor-section-boxed elementor-section-height-default elementor-section-height-default\" data-id=\"4be0e66b\" data-element_type=\"section\" data-e-type=\"section\">\n\t\t\t\t\t\t<div class=\"elementor-container elementor-column-gap-default\">\n\t\t\t\t\t<div class=\"elementor-column elementor-col-100 elementor-top-column elementor-element elementor-element-4bb7ed5e\" data-id=\"4bb7ed5e\" data-element_type=\"column\" data-e-type=\"column\">\n\t\t\t<div class=\"elementor-widget-wrap elementor-element-populated\">\n\t\t\t\t\t\t<div class=\"elementor-element elementor-element-5d7e719a elementor-widget elementor-widget-global elementor-global-21579 elementor-widget-breadcrumbs\" data-id=\"5d7e719a\" data-element_type=\"widget\" data-e-type=\"widget\" data-widget_type=\"breadcrumbs.default\">\n\t\t\t\t<div class=\"elementor-widget-container\">\n\t\t\t\t\t<p id=\"breadcrumbs\"><span><span><a href=\"https:\/\/faacademy.org\/\"><span class=\"fa fa-home\"><\/span><\/a><\/span><\/span><\/p>\t\t\t\t<\/div>\n\t\t\t\t<\/div>\n\t\t\t\t\t<\/div>\n\t\t<\/div>\n\t\t\t\t\t<\/div>\n\t\t<\/section>\n\t\t\t\t<section class=\"elementor-section elementor-top-section elementor-element elementor-element-1fcaa31a elementor-section-full_width fondBlanc full elementor-section-height-default elementor-section-height-default\" data-id=\"1fcaa31a\" data-element_type=\"section\" data-e-type=\"section\">\n\t\t\t\t\t\t<div class=\"elementor-container elementor-column-gap-default\">\n\t\t\t\t\t<div class=\"elementor-column elementor-col-100 elementor-top-column elementor-element elementor-element-222f4e48\" data-id=\"222f4e48\" data-element_type=\"column\" data-e-type=\"column\">\n\t\t\t<div class=\"elementor-widget-wrap elementor-element-populated\">\n\t\t\t\t\t\t<div class=\"elementor-element elementor-element-37299b28 elementor-widget elementor-widget-heading\" data-id=\"37299b28\" data-element_type=\"widget\" data-e-type=\"widget\" data-widget_type=\"heading.default\">\n\t\t\t\t<div class=\"elementor-widget-container\">\n\t\t\t\t\t<h2 class=\"elementor-heading-title elementor-size-default\">La communication est la cl\u00e9 de la r\u00e9ussite des \u00e9l\u00e8ves<\/h2>\t\t\t\t<\/div>\n\t\t\t\t<\/div>\n\t\t\t\t<div class=\"elementor-element elementor-element-621a580f elementor-widget elementor-widget-text-editor\" data-id=\"621a580f\" data-element_type=\"widget\" data-e-type=\"widget\" data-widget_type=\"text-editor.default\">\n\t\t\t\t<div class=\"elementor-widget-container\">\n\t\t\t\t\t\t\t\t\t<p id=\"tw-target-text\" class=\"tw-data-text tw-text-large tw-ta\" dir=\"ltr\" data-placeholder=\"Translation\"><span class=\"Y2IQFc\" lang=\"fr\">L&rsquo;\u00e9coute et la communication avec les parents sont essentielles. A ce titre, la French American Academy offre un lieu o\u00f9 les parents et la direction peuvent partager des id\u00e9es. Nous l&rsquo;appelons le petit-d\u00e9jeuner du Chef d&rsquo;\u00e9tablissement. Ici, nous \u00e9coutons les pr\u00e9occupations des parents et continuons \u00e0 construire un partenariat efficace.<\/span><\/p>\n\t\t\t\t\t\t\t\t<\/div>\n\t\t\t\t<\/div>\n\t\t\t\t\t<\/div>\n\t\t<\/div>\n\t\t\t\t\t<\/div>\n\t\t<\/section>\n\t\t\t\t<section class=\"elementor-section elementor-top-section elementor-element elementor-element-837a9f8 marge full elementor-section-boxed elementor-section-height-default elementor-section-height-default\" data-id=\"837a9f8\" data-element_type=\"section\" data-e-type=\"section\" data-settings=\"{&quot;background_background&quot;:&quot;gradient&quot;}\">\n\t\t\t\t\t\t<div class=\"elementor-container elementor-column-gap-default\">\n\t\t\t\t\t<div class=\"elementor-column elementor-col-50 elementor-top-column elementor-element elementor-element-5c286db\" data-id=\"5c286db\" data-element_type=\"column\" data-e-type=\"column\">\n\t\t\t<div class=\"elementor-widget-wrap elementor-element-populated\">\n\t\t\t\t\t\t<div class=\"elementor-element elementor-element-71d74f5 elementor-widget elementor-widget-heading\" data-id=\"71d74f5\" data-element_type=\"widget\" data-e-type=\"widget\" data-widget_type=\"heading.default\">\n\t\t\t\t<div class=\"elementor-widget-container\">\n\t\t\t\t\t<h2 class=\"elementor-heading-title elementor-size-default\"><font color=\"#f79421\">Le Triangle de Communication<\/font><\/h2>\t\t\t\t<\/div>\n\t\t\t\t<\/div>\n\t\t\t\t<div class=\"elementor-element elementor-element-d0e7e1f elementor-widget elementor-widget-text-editor\" data-id=\"d0e7e1f\" data-element_type=\"widget\" data-e-type=\"widget\" data-widget_type=\"text-editor.default\">\n\t\t\t\t<div class=\"elementor-widget-container\">\n\t\t\t\t\t\t\t\t\t<p id=\"tw-target-text\" class=\"tw-data-text tw-text-large tw-ta\" dir=\"ltr\" data-placeholder=\"Translation\"><span class=\"Y2IQFc\" lang=\"fr\">Une communication et une collaboration efficaces entre les enseignants, l&rsquo;administration et les parents sont essentielles pour cr\u00e9er un environnement favorable et stimulant qui aide les \u00e9l\u00e8ves \u00e0 atteindre leur plein potentiel.<br \/>\n<\/span><\/p>\n<p class=\"tw-data-text tw-text-large tw-ta\" dir=\"ltr\" data-placeholder=\"Translation\"><span class=\"Y2IQFc\" lang=\"fr\">Le symbole du triangle de communication est au c\u0153ur des valeurs de la French American Academy. Il repr\u00e9sente notre engagement \u00e0 garder nos \u00e9tudiants au centre de tout ce que nous faisons, avec l&rsquo;ensemble des acteurs coop\u00e9rant ensemble pour fournir les outils et le soutien dont les \u00e9tudiants ont besoin pour s&rsquo;\u00e9panouir et grandir.<br \/>\n<\/span><\/p>\n<p class=\"tw-data-text tw-text-large tw-ta\" dir=\"ltr\" data-placeholder=\"Translation\"><span class=\"Y2IQFc\" lang=\"fr\">Pour en savoir plus sur la fa\u00e7on dont vous pouvez contribuer \u00e0 cet effort de collaboration en tant que parent, visitez notre page de conseils aux parents. Ensemble, nous pouvons cr\u00e9er un triangle dynamique et solidaire qui aide nos \u00e9l\u00e8ves \u00e0 s&rsquo;\u00e9panouir.<\/span><\/p>\n\t\t\t\t\t\t\t\t<\/div>\n\t\t\t\t<\/div>\n\t\t\t\t\t<\/div>\n\t\t<\/div>\n\t\t\t\t<div class=\"elementor-column elementor-col-50 elementor-top-column elementor-element elementor-element-5ee09df\" data-id=\"5ee09df\" data-element_type=\"column\" data-e-type=\"column\">\n\t\t\t<div class=\"elementor-widget-wrap elementor-element-populated\">\n\t\t\t\t\t\t<div class=\"elementor-element elementor-element-0f423ed elementor-widget elementor-widget-image\" data-id=\"0f423ed\" data-element_type=\"widget\" data-e-type=\"widget\" data-widget_type=\"image.default\">\n\t\t\t\t<div class=\"elementor-widget-container\">\n\t\t\t\t\t\t\t\t\t\t\t\t\t\t\t<img fetchpriority=\"high\" decoding=\"async\" width=\"800\" height=\"800\" src=\"https:\/\/faacademy.org\/wp-content\/uploads\/2022\/12\/Child-1024x1024.png\" class=\"attachment-large size-large wp-image-24653\" alt=\"The Communication Triangle\" srcset=\"https:\/\/faacademy.org\/wp-content\/uploads\/2022\/12\/Child-1024x1024.png 1024w, https:\/\/faacademy.org\/wp-content\/uploads\/2022\/12\/Child-300x300.png 300w, https:\/\/faacademy.org\/wp-content\/uploads\/2022\/12\/Child-150x150.png 150w, https:\/\/faacademy.org\/wp-content\/uploads\/2022\/12\/Child-768x768.png 768w, https:\/\/faacademy.org\/wp-content\/uploads\/2022\/12\/Child.png 1080w\" sizes=\"(max-width: 800px) 100vw, 800px\" \/>\t\t\t\t\t\t\t\t\t\t\t\t\t\t\t<\/div>\n\t\t\t\t<\/div>\n\t\t\t\t\t<\/div>\n\t\t<\/div>\n\t\t\t\t\t<\/div>\n\t\t<\/section>\n\t\t\t\t<section class=\"elementor-section elementor-top-section elementor-element elementor-element-67195f5a marge full elementor-section-boxed elementor-section-height-default elementor-section-height-default\" data-id=\"67195f5a\" data-element_type=\"section\" data-e-type=\"section\" data-settings=\"{&quot;background_background&quot;:&quot;gradient&quot;}\">\n\t\t\t\t\t\t<div class=\"elementor-container elementor-column-gap-default\">\n\t\t\t\t\t<div class=\"elementor-column elementor-col-100 elementor-top-column elementor-element elementor-element-5290f507\" data-id=\"5290f507\" data-element_type=\"column\" data-e-type=\"column\">\n\t\t\t<div class=\"elementor-widget-wrap elementor-element-populated\">\n\t\t\t\t\t\t<div class=\"elementor-element elementor-element-baaea2e elementor-widget elementor-widget-heading\" data-id=\"baaea2e\" data-element_type=\"widget\" data-e-type=\"widget\" data-widget_type=\"heading.default\">\n\t\t\t\t<div class=\"elementor-widget-container\">\n\t\t\t\t\t<h2 class=\"elementor-heading-title elementor-size-default\"><strong>Le Petit-d\u00e9jeuner du Chef d'\u00e9tablissement<\/strong> <br>\u00c9tablir des liens et partager des informations<\/h2>\t\t\t\t<\/div>\n\t\t\t\t<\/div>\n\t\t\t\t<div class=\"elementor-element elementor-element-11aab38e elementor-widget-divider--view-line elementor-widget elementor-widget-divider\" data-id=\"11aab38e\" data-element_type=\"widget\" data-e-type=\"widget\" data-widget_type=\"divider.default\">\n\t\t\t\t<div class=\"elementor-widget-container\">\n\t\t\t\t\t\t\t<div class=\"elementor-divider\">\n\t\t\t<span class=\"elementor-divider-separator\">\n\t\t\t\t\t\t<\/span>\n\t\t<\/div>\n\t\t\t\t\t\t<\/div>\n\t\t\t\t<\/div>\n\t\t\t\t<section class=\"elementor-section elementor-inner-section elementor-element elementor-element-69fc6564 elementor-section-boxed elementor-section-height-default elementor-section-height-default\" data-id=\"69fc6564\" data-element_type=\"section\" data-e-type=\"section\">\n\t\t\t\t\t\t<div class=\"elementor-container elementor-column-gap-default\">\n\t\t\t\t\t<div class=\"elementor-column elementor-col-100 elementor-inner-column elementor-element elementor-element-4b9cc34d\" data-id=\"4b9cc34d\" data-element_type=\"column\" data-e-type=\"column\" data-settings=\"{&quot;background_background&quot;:&quot;classic&quot;}\">\n\t\t\t<div class=\"elementor-widget-wrap elementor-element-populated\">\n\t\t\t\t\t\t<div class=\"elementor-element elementor-element-b064863 elementor-widget elementor-widget-text-editor\" data-id=\"b064863\" data-element_type=\"widget\" data-e-type=\"widget\" data-widget_type=\"text-editor.default\">\n\t\t\t\t<div class=\"elementor-widget-container\">\n\t\t\t\t\t\t\t\t\t<p><strong>Ou et quand se tienent-ils?<\/strong><\/p>\n<p id=\"tw-target-text\" class=\"tw-data-text tw-text-large tw-ta\" dir=\"ltr\" data-placeholder=\"Translation\"><span class=\"Y2IQFc\" lang=\"fr\">Une fois par trimestre, les petits-d\u00e9jeuners du chef d&rsquo;\u00e9tablissement ont lieu de 8h30 \u00e0 9h30, avec un maximum de 15 participants pour assurer une conversation productive et fructueuse. La participation aux petits-d\u00e9jeuners de notre directeur d&rsquo;\u00e9cole varie g\u00e9n\u00e9ralement entre 8 et 15 parents. Si vous ne pouvez pas assister \u00e0 une session particuli\u00e8re, ne vous inqui\u00e9tez pas, les points principaux seront ensuite partag\u00e9s sur le blog de l&rsquo;\u00e9cole.<\/span><\/p>\n<p id=\"tw-target-text\" class=\"tw-data-text tw-text-large tw-ta\" dir=\"ltr\" data-placeholder=\"Translation\"><strong><span class=\"Y2IQFc\" lang=\"fr\">Quels sujets couvre t&rsquo;on?<\/span><\/strong><\/p>\n<p id=\"tw-target-text\" class=\"tw-data-text tw-text-large tw-ta\" dir=\"ltr\" data-placeholder=\"Translation\"><span class=\"Y2IQFc\" lang=\"fr\">Lors de ces petits-d\u00e9jeuners, le chef d&rsquo;\u00e9tablissement et les directeurs de division accueillent les parents et r\u00e9pondent \u00e0 toute question ou pr\u00e9occupation li\u00e9e au programme et \u00e0 la vie scolaire. Ces rencontres permettent \u00e9galement aux responsables p\u00e9dagogiques de partager leur vision et des mises \u00e0 jour sur l&rsquo;\u00e9volution des programmes d&rsquo;\u00e9tudes, avec diff\u00e9rents sujets mensuels abord\u00e9s.<\/span><\/p>\n<p id=\"tw-target-text\" class=\"tw-data-text tw-text-large tw-ta\" dir=\"ltr\" data-placeholder=\"Translation\"><strong><span class=\"Y2IQFc\" lang=\"fr\">Les sujets pass\u00e9s ont inclus <\/span>:<\/strong><\/p>\n<ul>\n<li style=\"list-style-type: none;\">\n<ul>\n<li>\n<p id=\"tw-target-text\" class=\"tw-data-text tw-text-large tw-ta\" dir=\"ltr\" data-placeholder=\"Translation\"><span class=\"Y2IQFc\" lang=\"fr\">L&rsquo;importance du jeu chez les jeunes enfants et comment construire une enqu\u00eate \u00e0 partir d&rsquo;un jeu.<\/span><\/p>\n<\/li>\n<li>\n<p id=\"tw-target-text\" class=\"tw-data-text tw-text-large tw-ta\" dir=\"ltr\" data-placeholder=\"Translation\"><span class=\"Y2IQFc\" lang=\"fr\">Comment lire et commenter un bulletin scolaire avec votre enfant<\/span><\/p>\n<\/li>\n<li>Que r<span class=\"Y2IQFc\" lang=\"fr\">\u00e9<\/span>presente les examens d&rsquo;<span class=\"Y2IQFc\" lang=\"fr\">\u00e9<\/span>valuation MAP ?<\/li>\n<\/ul>\n<\/li>\n<\/ul>\n<p><strong>Conf\u00e9renciers invit\u00e9s au petit-d\u00e9jeuner:<\/strong><\/p>\n<p id=\"tw-target-text\" class=\"tw-data-text tw-text-large tw-ta\" dir=\"ltr\" data-placeholder=\"Translation\"><span class=\"Y2IQFc\" lang=\"fr\">Nous invitons occasionnellement des conf\u00e9renciers, qui sont souvent des experts dans leur domaine. Parmi les conf\u00e9renciers pass\u00e9s, mentionnons :<\/span><\/p>\n<ul>\n<li style=\"list-style-type: none;\">\n<ul>\n<li>\n<p id=\"tw-target-text\" class=\"tw-data-text tw-text-large tw-ta\" dir=\"ltr\" data-placeholder=\"Translation\"><span class=\"Y2IQFc\" lang=\"fr\">Kara Imm de \u00ab\u00a0Math in the City\u00a0\u00bb pour expliquer le d\u00e9veloppement professionnel qu&rsquo;elle mettait en place avec nos professeurs et l&rsquo;importance du sens des nombres<\/span><\/p>\n<\/li>\n<li>Laurianne Neidecker, psychologue, sur comment r\u00e9duire le stress et l&rsquo;anxi\u00e9t\u00e9 chez nos enfants en temps de crise. (Suivez le lien pour plus d&rsquo;informations sur la fa\u00e7on dont l&rsquo;\u00e9cole a r\u00e9pondu \u00e0 Covid-19)<\/li>\n<\/ul>\n<\/li>\n<\/ul>\n<p><strong>\u00a0<\/strong><\/p>\n\t\t\t\t\t\t\t\t<\/div>\n\t\t\t\t<\/div>\n\t\t\t\t\t<\/div>\n\t\t<\/div>\n\t\t\t\t\t<\/div>\n\t\t<\/section>\n\t\t\t\t<div class=\"elementor-element elementor-element-5061d453 elementor-widget elementor-widget-button\" data-id=\"5061d453\" data-element_type=\"widget\" data-e-type=\"widget\" data-widget_type=\"button.default\">\n\t\t\t\t<div class=\"elementor-widget-container\">\n\t\t\t\t\t\t\t\t\t<div class=\"elementor-button-wrapper\">\n\t\t\t\t\t<a class=\"elementor-button elementor-button-link elementor-size-sm\" href=\"#\">\n\t\t\t\t\t\t<span class=\"elementor-button-content-wrapper\">\n\t\t\t\t\t\t\t\t\t<span class=\"elementor-button-text\">En Savoir Plus<\/span>\n\t\t\t\t\t<\/span>\n\t\t\t\t\t<\/a>\n\t\t\t\t<\/div>\n\t\t\t\t\t\t\t\t<\/div>\n\t\t\t\t<\/div>\n\t\t\t\t\t<\/div>\n\t\t<\/div>\n\t\t\t\t\t<\/div>\n\t\t<\/section>\n\t\t\t\t<\/div>\n\t\t","protected":false},"excerpt":{"rendered":"<p>Le Triangle de Communication La communication est la cl\u00e9 de la r\u00e9ussite des \u00e9l\u00e8ves L&rsquo;\u00e9coute et la communication avec les parents sont essentielles. A ce titre, la French American Academy offre un lieu o\u00f9 les parents et la direction peuvent partager des id\u00e9es. Nous l&rsquo;appelons le petit-d\u00e9jeuner du Chef d&rsquo;\u00e9tablissement. Ici, nous \u00e9coutons les pr\u00e9occupations [&hellip;]<\/p>\n","protected":false},"author":19,"featured_media":0,"parent":0,"menu_order":0,"comment_status":"closed","ping_status":"closed","template":"elementor_header_footer","meta":{"_acf_changed":false,"footnotes":""},"class_list":["post-28319","page","type-page","status-publish","hentry"],"acf":[],"_links":{"self":[{"href":"https:\/\/faacademy.org\/fr\/wp-json\/wp\/v2\/pages\/28319","targetHints":{"allow":["GET"]}}],"collection":[{"href":"https:\/\/faacademy.org\/fr\/wp-json\/wp\/v2\/pages"}],"about":[{"href":"https:\/\/faacademy.org\/fr\/wp-json\/wp\/v2\/types\/page"}],"author":[{"embeddable":true,"href":"https:\/\/faacademy.org\/fr\/wp-json\/wp\/v2\/users\/19"}],"replies":[{"embeddable":true,"href":"https:\/\/faacademy.org\/fr\/wp-json\/wp\/v2\/comments?post=28319"}],"version-history":[{"count":0,"href":"https:\/\/faacademy.org\/fr\/wp-json\/wp\/v2\/pages\/28319\/revisions"}],"wp:attachment":[{"href":"https:\/\/faacademy.org\/fr\/wp-json\/wp\/v2\/media?parent=28319"}],"curies":[{"name":"wp","href":"https:\/\/api.w.org\/{rel}","templated":true}]}}