{"id":28377,"date":"2023-02-13T13:18:29","date_gmt":"2023-02-13T18:18:29","guid":{"rendered":"https:\/\/faacademy.org\/arriver-aux-usa\/"},"modified":"2023-02-13T13:22:50","modified_gmt":"2023-02-13T18:22:50","slug":"arriver-aux-usa","status":"publish","type":"page","link":"https:\/\/faacademy.org\/fr\/arriver-aux-usa\/","title":{"rendered":"Arriver aux USA"},"content":{"rendered":"\t\t<div data-elementor-type=\"wp-page\" data-elementor-id=\"28377\" class=\"elementor elementor-28377 elementor-27301\" data-elementor-post-type=\"page\">\n\t\t\t\t\t\t<section class=\"elementor-section elementor-top-section elementor-element elementor-element-4defe224 elementor-section-height-min-height elementor-section-items-bottom elementor-section-boxed elementor-section-height-default\" data-id=\"4defe224\" data-element_type=\"section\" data-e-type=\"section\" data-settings=\"{&quot;background_background&quot;:&quot;classic&quot;}\">\n\t\t\t\t\t\t\t<div class=\"elementor-background-overlay\"><\/div>\n\t\t\t\t\t\t\t<div class=\"elementor-container elementor-column-gap-default\">\n\t\t\t\t\t<div class=\"elementor-column elementor-col-100 elementor-top-column elementor-element elementor-element-22dbeedc\" data-id=\"22dbeedc\" data-element_type=\"column\" data-e-type=\"column\">\n\t\t\t<div class=\"elementor-widget-wrap elementor-element-populated\">\n\t\t\t\t\t\t<div class=\"elementor-element elementor-element-12d8d906 elementor-widget elementor-widget-heading\" data-id=\"12d8d906\" data-element_type=\"widget\" data-e-type=\"widget\" data-widget_type=\"heading.default\">\n\t\t\t\t<div class=\"elementor-widget-container\">\n\t\t\t\t\t<h1 class=\"elementor-heading-title elementor-size-default\">Arriver aux USA<\/h1>\t\t\t\t<\/div>\n\t\t\t\t<\/div>\n\t\t\t\t\t<\/div>\n\t\t<\/div>\n\t\t\t\t\t<\/div>\n\t\t<\/section>\n\t\t\t\t<section class=\"elementor-section elementor-top-section elementor-element elementor-element-4be0e66b elementor-section-boxed elementor-section-height-default elementor-section-height-default\" data-id=\"4be0e66b\" data-element_type=\"section\" data-e-type=\"section\">\n\t\t\t\t\t\t<div class=\"elementor-container elementor-column-gap-default\">\n\t\t\t\t\t<div class=\"elementor-column elementor-col-100 elementor-top-column elementor-element elementor-element-4bb7ed5e\" data-id=\"4bb7ed5e\" data-element_type=\"column\" data-e-type=\"column\">\n\t\t\t<div class=\"elementor-widget-wrap elementor-element-populated\">\n\t\t\t\t\t\t<div class=\"elementor-element elementor-element-5d7e719a elementor-widget elementor-widget-breadcrumbs\" data-id=\"5d7e719a\" data-element_type=\"widget\" data-e-type=\"widget\" data-widget_type=\"breadcrumbs.default\">\n\t\t\t\t<div class=\"elementor-widget-container\">\n\t\t\t\t\t<p id=\"breadcrumbs\"><span><span><a href=\"https:\/\/faacademy.org\/\"><span class=\"fa fa-home\"><\/span><\/a><\/span><\/span><\/p>\t\t\t\t<\/div>\n\t\t\t\t<\/div>\n\t\t\t\t\t<\/div>\n\t\t<\/div>\n\t\t\t\t\t<\/div>\n\t\t<\/section>\n\t\t\t\t<section class=\"elementor-section elementor-top-section elementor-element elementor-element-1fcaa31a elementor-section-full_width fondBlanc full elementor-section-height-default elementor-section-height-default\" data-id=\"1fcaa31a\" data-element_type=\"section\" data-e-type=\"section\">\n\t\t\t\t\t\t<div class=\"elementor-container elementor-column-gap-default\">\n\t\t\t\t\t<div class=\"elementor-column elementor-col-100 elementor-top-column elementor-element elementor-element-222f4e48\" data-id=\"222f4e48\" data-element_type=\"column\" data-e-type=\"column\">\n\t\t\t<div class=\"elementor-widget-wrap elementor-element-populated\">\n\t\t\t\t\t\t<div class=\"elementor-element elementor-element-37299b28 elementor-widget elementor-widget-heading\" data-id=\"37299b28\" data-element_type=\"widget\" data-e-type=\"widget\" data-widget_type=\"heading.default\">\n\t\t\t\t<div class=\"elementor-widget-container\">\n\t\t\t\t\t<h2 class=\"elementor-heading-title elementor-size-default\"><strong> Que faire quand vous arrivez aux <strong>USA <\/strong><\/h2>\t\t\t\t<\/div>\n\t\t\t\t<\/div>\n\t\t\t\t<div class=\"elementor-element elementor-element-621a580f elementor-widget elementor-widget-text-editor\" data-id=\"621a580f\" data-element_type=\"widget\" data-e-type=\"widget\" data-widget_type=\"text-editor.default\">\n\t\t\t\t<div class=\"elementor-widget-container\">\n\t\t\t\t\t\t\t\t\t<p id=\"tw-target-text\" class=\"tw-data-text tw-text-large tw-ta\" dir=\"ltr\" data-placeholder=\"Translation\"><span class=\"Y2IQFc\" lang=\"fr\">Bienvenu! Arriver aux \u00c9tats-Unis est tellement excitant! Mais il y a beaucoup de choses \u00e0 faire pour un nouveau venu. Les informations ci-dessous ne constituent en aucun cas une liste exhaustive. En outre, il peut ne pas contenir les derni\u00e8res mises \u00e0 jour de l&rsquo;immigration. Vous devez donc absolument approfondir vos recherches au-del\u00e0 de ce site. Il vous aidera cependant \u00e0 d\u00e9marrer les premi\u00e8res \u00e9tapes. De cette fa\u00e7on, vous pouvez vous concentrer sur vos enfants et <a href=\"https:\/\/faacademy.org\/back-to-school-night\/\">la nouvelle ann\u00e9e scolaire<\/a> en toute tranquillit\u00e9.<\/span><\/p>\n\t\t\t\t\t\t\t\t<\/div>\n\t\t\t\t<\/div>\n\t\t\t\t\t<\/div>\n\t\t<\/div>\n\t\t\t\t\t<\/div>\n\t\t<\/section>\n\t\t\t\t<section class=\"elementor-section elementor-top-section elementor-element elementor-element-837a9f8 marge full elementor-section-boxed elementor-section-height-default elementor-section-height-default\" data-id=\"837a9f8\" data-element_type=\"section\" data-e-type=\"section\" data-settings=\"{&quot;background_background&quot;:&quot;gradient&quot;}\">\n\t\t\t\t\t\t<div class=\"elementor-container elementor-column-gap-default\">\n\t\t\t\t\t<div class=\"elementor-column elementor-col-100 elementor-top-column elementor-element elementor-element-5c286db\" data-id=\"5c286db\" data-element_type=\"column\" data-e-type=\"column\">\n\t\t\t<div class=\"elementor-widget-wrap elementor-element-populated\">\n\t\t\t\t\t\t<div class=\"elementor-element elementor-element-71d74f5 elementor-widget elementor-widget-heading\" data-id=\"71d74f5\" data-element_type=\"widget\" data-e-type=\"widget\" data-widget_type=\"heading.default\">\n\t\t\t\t<div class=\"elementor-widget-container\">\n\t\t\t\t\t<h2 class=\"elementor-heading-title elementor-size-default\">La Lettre de V\u00e9rification d'Emploi (EVL)<\/h2>\t\t\t\t<\/div>\n\t\t\t\t<\/div>\n\t\t\t\t<div class=\"elementor-element elementor-element-cbf126f elementor-widget-divider--view-line elementor-widget elementor-widget-divider\" data-id=\"cbf126f\" data-element_type=\"widget\" data-e-type=\"widget\" data-widget_type=\"divider.default\">\n\t\t\t\t<div class=\"elementor-widget-container\">\n\t\t\t\t\t\t\t<div class=\"elementor-divider\">\n\t\t\t<span class=\"elementor-divider-separator\">\n\t\t\t\t\t\t<\/span>\n\t\t<\/div>\n\t\t\t\t\t\t<\/div>\n\t\t\t\t<\/div>\n\t\t\t\t<div class=\"elementor-element elementor-element-d0e7e1f elementor-widget elementor-widget-text-editor\" data-id=\"d0e7e1f\" data-element_type=\"widget\" data-e-type=\"widget\" data-widget_type=\"text-editor.default\">\n\t\t\t\t<div class=\"elementor-widget-container\">\n\t\t\t\t\t\t\t\t\t<p>Vous en aurez besoin pour acheter ou louer une maison et ouvrir un compte bancaire. Cela remplacera un historique de cr\u00e9dit am\u00e9ricain pour montrer que vous \u00eates un(e) candidat(e) financi\u00e8rement qualifi\u00e9(e). Cette lettre doit inclure votre :<\/p>\n<ul>\n<li>Date de commencement aux USA<\/li>\n<li>Les termes de votre emploi avec votre employeur<\/li>\n<li>Le salaire et les b\u00e9n\u00e8fices (ex: prime de relocation) accord\u00e9s<\/li>\n<\/ul>\n<p id=\"tw-target-text\" class=\"tw-data-text tw-text-large tw-ta\" dir=\"ltr\" data-placeholder=\"Translation\"><span class=\"Y2IQFc\" lang=\"fr\">Cette lettre doit \u00eatre sur papier \u00e0 en-t\u00eate de l&rsquo;entreprise et \u00eatre sign\u00e9e. De plus, elle doit inclure le nom et les coordonn\u00e9es t\u00e9l\u00e9phoniques d&rsquo;un membre du personnel am\u00e9ricain (votre patron ou votre repr\u00e9sentant des RH par exemple). Ce contact devrait \u00eatre en mesure de confirmer par t\u00e9l\u00e9phone que vous \u00eates employ\u00e9 dans les bureaux am\u00e9ricains. Vous aurez peut-\u00eatre besoin de plusieurs exemplaires : pour votre propri\u00e9taire, la banque, la soci\u00e9t\u00e9 de services publics, etc. Assurez-vous d&rsquo;en avoir autant que n\u00e9cessaire.<\/span><\/p>\n\t\t\t\t\t\t\t\t<\/div>\n\t\t\t\t<\/div>\n\t\t\t\t\t<\/div>\n\t\t<\/div>\n\t\t\t\t\t<\/div>\n\t\t<\/section>\n\t\t\t\t<section class=\"elementor-section elementor-top-section elementor-element elementor-element-5633861c elementor-reverse-mobile elementor-section-full_width fondBlanc full elementor-section-height-default elementor-section-height-default\" data-id=\"5633861c\" data-element_type=\"section\" data-e-type=\"section\">\n\t\t\t\t\t\t<div class=\"elementor-container elementor-column-gap-default\">\n\t\t\t\t\t<div class=\"elementor-column elementor-col-100 elementor-top-column elementor-element elementor-element-433c5fc0\" data-id=\"433c5fc0\" data-element_type=\"column\" data-e-type=\"column\">\n\t\t\t<div class=\"elementor-widget-wrap elementor-element-populated\">\n\t\t\t\t\t\t<div class=\"elementor-element elementor-element-6f932667 elementor-widget elementor-widget-heading\" data-id=\"6f932667\" data-element_type=\"widget\" data-e-type=\"widget\" data-widget_type=\"heading.default\">\n\t\t\t\t<div class=\"elementor-widget-container\">\n\t\t\t\t\t<h2 class=\"elementor-heading-title elementor-size-default\">Ouvrir un compte bancaire<\/h2>\t\t\t\t<\/div>\n\t\t\t\t<\/div>\n\t\t\t\t<div class=\"elementor-element elementor-element-6a9a5d23 elementor-widget-divider--view-line elementor-widget elementor-widget-divider\" data-id=\"6a9a5d23\" data-element_type=\"widget\" data-e-type=\"widget\" data-widget_type=\"divider.default\">\n\t\t\t\t<div class=\"elementor-widget-container\">\n\t\t\t\t\t\t\t<div class=\"elementor-divider\">\n\t\t\t<span class=\"elementor-divider-separator\">\n\t\t\t\t\t\t<\/span>\n\t\t<\/div>\n\t\t\t\t\t\t<\/div>\n\t\t\t\t<\/div>\n\t\t\t\t<div class=\"elementor-element elementor-element-a06ef07 elementor-widget elementor-widget-text-editor\" data-id=\"a06ef07\" data-element_type=\"widget\" data-e-type=\"widget\" data-widget_type=\"text-editor.default\">\n\t\t\t\t<div class=\"elementor-widget-container\">\n\t\t\t\t\t\t\t\t\t<p><span class=\"Y2IQFc\" lang=\"fr\">C&rsquo;est l&rsquo;une des premi\u00e8res choses que vous devez faire en arrivant aux \u00c9tats-Unis. Avec un compte bancaire, vous pourrez payer et collecter de l&rsquo;argent, et construire votre historique de cr\u00e9dit. Vous aurez besoin de :<\/span><\/p>\n<ul>\n<li><span class=\"Y2IQFc\" lang=\"fr\">La lettre d&#8217;emploi<br \/>\n<\/span><\/li>\n<li><span class=\"Y2IQFc\" lang=\"fr\">Une copie des relev\u00e9s bancaires de votre pays d&rsquo;origine, des talons de ch\u00e8que de paie et des relev\u00e9s de carte de cr\u00e9dit pour quelques mois. <\/span><\/li>\n<li><span class=\"Y2IQFc\" lang=\"fr\">Une pi\u00e8ce d&rsquo;identit\u00e9 avec photo telle que votre permis de conduire ou votre passeport <\/span><\/li>\n<li><span class=\"Y2IQFc\" lang=\"fr\">Une carte de cr\u00e9dit du pays d&rsquo;origine <\/span><\/li>\n<li><span class=\"Y2IQFc\" lang=\"fr\">De l&rsquo;argent liquide en dollars am\u00e9ricains (conseil : ayez toujours de l&rsquo;argent liquide sur vous aux \u00c9tats-Unis)<br \/>\n<\/span><\/li>\n<\/ul>\n<p id=\"tw-target-text\" class=\"tw-data-text tw-text-large tw-ta\" dir=\"ltr\" data-placeholder=\"Translation\"><span class=\"Y2IQFc\" lang=\"fr\">Vous pourrez ouvrir un compte courant avec une carte de d\u00e9bit avant m\u00eame d&rsquo;obtenir votre num\u00e9ro de s\u00e9curit\u00e9 sociale. Une fois que vous aurez votre num\u00e9ro de s\u00e9curit\u00e9 sociale (cela prendra environ 4 semaines apr\u00e8s votre arriv\u00e9e), vous pourrez \u00e9galement demander une carte de cr\u00e9dit. Tout ce qui pr\u00e9c\u00e8de peut varier avec chaque banque. Voici <a href=\"https:\/\/en.wikipedia.org\/wiki\/List_of_largest_banks_in_the_United_States\">une liste des plus grandes banques<\/a> am\u00e9ricaines. V\u00e9rifiez aupr\u00e8s de votre banque ce dont elle a besoin pour ouvrir un compte bancaire pour un expatri\u00e9.<\/span><\/p>\n\t\t\t\t\t\t\t\t<\/div>\n\t\t\t\t<\/div>\n\t\t\t\t\t<\/div>\n\t\t<\/div>\n\t\t\t\t\t<\/div>\n\t\t<\/section>\n\t\t\t\t<section class=\"elementor-section elementor-top-section elementor-element elementor-element-3f0243b8 marge full elementor-section-boxed elementor-section-height-default elementor-section-height-default\" data-id=\"3f0243b8\" data-element_type=\"section\" data-e-type=\"section\" data-settings=\"{&quot;background_background&quot;:&quot;gradient&quot;}\">\n\t\t\t\t\t\t<div class=\"elementor-container elementor-column-gap-default\">\n\t\t\t\t\t<div class=\"elementor-column elementor-col-100 elementor-top-column elementor-element elementor-element-6b2c5927\" data-id=\"6b2c5927\" data-element_type=\"column\" data-e-type=\"column\">\n\t\t\t<div class=\"elementor-widget-wrap elementor-element-populated\">\n\t\t\t\t\t\t<div class=\"elementor-element elementor-element-115961ac elementor-widget elementor-widget-heading\" data-id=\"115961ac\" data-element_type=\"widget\" data-e-type=\"widget\" data-widget_type=\"heading.default\">\n\t\t\t\t<div class=\"elementor-widget-container\">\n\t\t\t\t\t<h2 class=\"elementor-heading-title elementor-size-default\">Obtenez votre num\u00e9ro et votre carte de s\u00e9curit\u00e9 sociale.<\/h2>\t\t\t\t<\/div>\n\t\t\t\t<\/div>\n\t\t\t\t<div class=\"elementor-element elementor-element-3e8e9e71 elementor-widget-divider--view-line elementor-widget elementor-widget-divider\" data-id=\"3e8e9e71\" data-element_type=\"widget\" data-e-type=\"widget\" data-widget_type=\"divider.default\">\n\t\t\t\t<div class=\"elementor-widget-container\">\n\t\t\t\t\t\t\t<div class=\"elementor-divider\">\n\t\t\t<span class=\"elementor-divider-separator\">\n\t\t\t\t\t\t<\/span>\n\t\t<\/div>\n\t\t\t\t\t\t<\/div>\n\t\t\t\t<\/div>\n\t\t\t\t<div class=\"elementor-element elementor-element-4057c712 elementor-widget elementor-widget-text-editor\" data-id=\"4057c712\" data-element_type=\"widget\" data-e-type=\"widget\" data-widget_type=\"text-editor.default\">\n\t\t\t\t<div class=\"elementor-widget-container\">\n\t\t\t\t\t\t\t\t\t<p id=\"tw-target-text\" class=\"tw-data-text tw-text-large tw-ta\" dir=\"ltr\" data-placeholder=\"Translation\"><span class=\"Y2IQFc\" lang=\"fr\">La carte de S\u00e9curite Sociale est utile pour beaucoup de choses. Par exemple, cela vous permettra de travailler aux \u00c9tats-Unis. Vous devrez attendre 10 jours ouvrables pour vous rendre dans un bureau de la <a href=\"https:\/\/secure.ssa.gov\/ICON\/main.jsp\">S\u00e9curit\u00e9 Sociale<\/a>. Il est tr\u00e8s important que votre nom complet apparaisse exactement de la m\u00eame mani\u00e8re sur tous vos documents officiels (passeport, I-94, permis de conduire et EVL). Toute divergence peut entra\u00eener une p\u00e9riode d&rsquo;attente beaucoup plus longue pour obtenir votre num\u00e9ro de s\u00e9curit\u00e9 sociale. Si vous \u00eates mari\u00e9, votre conjoint aura besoin de votre certificat de mariage original, ainsi que des autres documents mentionn\u00e9s ci-dessus. Pour plus d&rsquo;informations, visitez <a href=\"http:\/\/chrome-extension:\/\/efaidnbmnnnibpcajpcglclefindmkaj\/https:\/\/www.ssa.gov\/pubs\/EN-05-10107.pdf\">Foreign Workers and Social Security Numbers<\/a><\/span><\/p>\n\t\t\t\t\t\t\t\t<\/div>\n\t\t\t\t<\/div>\n\t\t\t\t\t<\/div>\n\t\t<\/div>\n\t\t\t\t\t<\/div>\n\t\t<\/section>\n\t\t\t\t<section class=\"elementor-section elementor-top-section elementor-element elementor-element-ab1bf20 elementor-reverse-mobile elementor-section-full_width fondBlanc full elementor-section-height-default elementor-section-height-default\" data-id=\"ab1bf20\" data-element_type=\"section\" data-e-type=\"section\">\n\t\t\t\t\t\t<div class=\"elementor-container elementor-column-gap-default\">\n\t\t\t\t\t<div class=\"elementor-column elementor-col-100 elementor-top-column elementor-element elementor-element-67972e8\" data-id=\"67972e8\" data-element_type=\"column\" data-e-type=\"column\">\n\t\t\t<div class=\"elementor-widget-wrap elementor-element-populated\">\n\t\t\t\t\t\t<div class=\"elementor-element elementor-element-aa6c20c elementor-widget elementor-widget-heading\" data-id=\"aa6c20c\" data-element_type=\"widget\" data-e-type=\"widget\" data-widget_type=\"heading.default\">\n\t\t\t\t<div class=\"elementor-widget-container\">\n\t\t\t\t\t<h2 class=\"elementor-heading-title elementor-size-default\">Obtenir votre permis de conduire<\/h2>\t\t\t\t<\/div>\n\t\t\t\t<\/div>\n\t\t\t\t<div class=\"elementor-element elementor-element-0a6b3b8 elementor-widget-divider--view-line elementor-widget elementor-widget-divider\" data-id=\"0a6b3b8\" data-element_type=\"widget\" data-e-type=\"widget\" data-widget_type=\"divider.default\">\n\t\t\t\t<div class=\"elementor-widget-container\">\n\t\t\t\t\t\t\t<div class=\"elementor-divider\">\n\t\t\t<span class=\"elementor-divider-separator\">\n\t\t\t\t\t\t<\/span>\n\t\t<\/div>\n\t\t\t\t\t\t<\/div>\n\t\t\t\t<\/div>\n\t\t\t\t<div class=\"elementor-element elementor-element-44c075c elementor-widget elementor-widget-text-editor\" data-id=\"44c075c\" data-element_type=\"widget\" data-e-type=\"widget\" data-widget_type=\"text-editor.default\">\n\t\t\t\t<div class=\"elementor-widget-container\">\n\t\t\t\t\t\t\t\t\t<p id=\"tw-target-text\" class=\"tw-data-text tw-text-large tw-ta\" dir=\"ltr\" data-placeholder=\"Translation\"><span class=\"Y2IQFc\" lang=\"fr\">Cela servira d&rsquo;identifiant r\u00e9gulier pour \u00e0 peu pr\u00e8s toutes les d\u00e9marches administratives. Vous aurez besoin de :<\/span><\/p>\n<ul>\n<li><span class=\"Y2IQFc\" lang=\"fr\">Votre permis de conduire du pays d&rsquo;origine.<br \/>\n<\/span><\/li>\n<li><span class=\"Y2IQFc\" lang=\"fr\">Si votre permis est uniquement dans la langue de votre pays d&rsquo;origine et non en anglais, nous vous recommandons d&rsquo;obtenir un <strong>permis de conduire international (IDP)<\/strong>. Faites-le <strong>pendant que vous \u00eates encore dans votre pays d&rsquo;origine<\/strong>. Ce document est une traduction reconnue du permis de conduire de votre pays d&rsquo;origine et doit \u00eatre accompagn\u00e9 de votre permis de pays d&rsquo;origine \u00e0 tout moment jusqu&rsquo;\u00e0 ce que vous obteniez un permis d&rsquo;\u00c9tat aux \u00c9tats-Unis. Si votre permis est d\u00e9j\u00e0 en anglais, vous n&rsquo;avez pas besoin d&rsquo;obtenir un IDP.<br \/>\n<\/span><\/li>\n<li><span class=\"Y2IQFc\" lang=\"fr\">Votre num\u00e9ro de s\u00e9curit\u00e9 sociale<br \/>\n<\/span><\/li>\n<li><span class=\"Y2IQFc\" lang=\"fr\">Preuve de r\u00e9sidence dans le New Jersey.<\/span><\/li>\n<\/ul>\n<p id=\"tw-target-text\" class=\"tw-data-text tw-text-large tw-ta\" dir=\"ltr\" data-placeholder=\"Translation\"><span class=\"Y2IQFc\" lang=\"fr\">Rendez-vous sur le site du <a href=\"https:\/\/www.state.nj.us\/mvc\/index.html\">Motor Vehicle Commission<\/a> pour plus de d\u00e9tails. Utilisez le permis de conduire de votre pays d&rsquo;origine et l&rsquo;IDP pour obtenir un permis de conduire de l&rsquo;\u00c9tat du New Jersey.<\/span><\/p>\n\t\t\t\t\t\t\t\t<\/div>\n\t\t\t\t<\/div>\n\t\t\t\t\t<\/div>\n\t\t<\/div>\n\t\t\t\t\t<\/div>\n\t\t<\/section>\n\t\t\t\t<section class=\"elementor-section elementor-top-section elementor-element elementor-element-7c95359 marge full elementor-section-boxed elementor-section-height-default elementor-section-height-default\" data-id=\"7c95359\" data-element_type=\"section\" data-e-type=\"section\" data-settings=\"{&quot;background_background&quot;:&quot;gradient&quot;}\">\n\t\t\t\t\t\t<div class=\"elementor-container elementor-column-gap-default\">\n\t\t\t\t\t<div class=\"elementor-column elementor-col-100 elementor-top-column elementor-element elementor-element-1db571a\" data-id=\"1db571a\" data-element_type=\"column\" data-e-type=\"column\">\n\t\t\t<div class=\"elementor-widget-wrap elementor-element-populated\">\n\t\t\t\t\t\t<div class=\"elementor-element elementor-element-869bcbc elementor-widget elementor-widget-heading\" data-id=\"869bcbc\" data-element_type=\"widget\" data-e-type=\"widget\" data-widget_type=\"heading.default\">\n\t\t\t\t<div class=\"elementor-widget-container\">\n\t\t\t\t\t<h2 class=\"elementor-heading-title elementor-size-default\">Autres choses importantes \u00e0 savoir :<\/h2>\t\t\t\t<\/div>\n\t\t\t\t<\/div>\n\t\t\t\t<div class=\"elementor-element elementor-element-8a1ade2 elementor-widget-divider--view-line elementor-widget elementor-widget-divider\" data-id=\"8a1ade2\" data-element_type=\"widget\" data-e-type=\"widget\" data-widget_type=\"divider.default\">\n\t\t\t\t<div class=\"elementor-widget-container\">\n\t\t\t\t\t\t\t<div class=\"elementor-divider\">\n\t\t\t<span class=\"elementor-divider-separator\">\n\t\t\t\t\t\t<\/span>\n\t\t<\/div>\n\t\t\t\t\t\t<\/div>\n\t\t\t\t<\/div>\n\t\t\t\t<div class=\"elementor-element elementor-element-82ba7d1 elementor-widget elementor-widget-text-editor\" data-id=\"82ba7d1\" data-element_type=\"widget\" data-e-type=\"widget\" data-widget_type=\"text-editor.default\">\n\t\t\t\t<div class=\"elementor-widget-container\">\n\t\t\t\t\t\t\t\t\t<p id=\"tw-target-text\" class=\"tw-data-text tw-text-large tw-ta\" dir=\"ltr\" data-placeholder=\"Translation\"><span class=\"Y2IQFc\" lang=\"fr\">Voici un conseil tr\u00e8s important : assurez-vous de rassembler vos dossiers m\u00e9dicaux ainsi que les dossiers scolaires et m\u00e9dicaux de vos enfants, y compris leurs vaccinations pour l&rsquo;inscription \u00e0 l&rsquo;\u00e9cole. Si vous utilisez des m\u00e9dicaments sur ordonnance, assurez-vous de remplir les ordonnances et de les apporter avec vous au cas o\u00f9 il y aurait un retard dans la recherche d&rsquo;un m\u00e9decin aux \u00c9tats-Unis.<\/span><\/p>\n<p id=\"tw-target-text\" class=\"tw-data-text tw-text-large tw-ta\" dir=\"ltr\" data-placeholder=\"Translation\"><span class=\"Y2IQFc\" lang=\"fr\">Pour aller plus loin dans les choses \u00e0 pr\u00e9parer lors de votre arriv\u00e9e aux \u00c9tats-Unis, veuillez visiter les sites suivants:<\/span><span style=\"font-size: 16px;\">\u00a0<a href=\"https:\/\/www.uscis.gov\/sites\/default\/files\/files\/nativedocuments\/M-618_fr.pdf\">Bienvenue aux \u00c9tats-Unis<\/a>,\u00a0<a href=\"https:\/\/newyork.consulfrance.org\/\">Consulat g\u00e9n\u00e9ral de France \u00e0 New York<\/a>,\u00a0<a href=\"https:\/\/www.internationalcitizens.com\/moving-abroad\/to\/immigrating-to-usa.php\">Immigrating to the US as an Expat [Full Guide]<\/a>,\u00a0<a href=\"https:\/\/www.accueilnewjersey.com\/\">Association des Fran\u00e7ais du New Jersey<\/a>,\u00a0<a href=\"https:\/\/www.accueilnewyork.org\/\">Association des Fran\u00e7ais de New York.<\/a><\/span><\/p>\n<p><span style=\"font-size: 16px;\">Suivez ce lien pour\u00a0 <a href=\"https:\/\/faacademy.org\/community\/parents\/help-tips-and-advices-community\/\">more tips for parents<\/a>, ou pour d<span class=\"Y2IQFc\" lang=\"fr\">\u00e9<\/span>couvrir la <a href=\"https:\/\/faacademy.org\/community-2\/\">French American Academy\u2019s community<\/a><\/span><\/p>\n\t\t\t\t\t\t\t\t<\/div>\n\t\t\t\t<\/div>\n\t\t\t\t\t<\/div>\n\t\t<\/div>\n\t\t\t\t\t<\/div>\n\t\t<\/section>\n\t\t\t\t<\/div>\n\t\t","protected":false},"excerpt":{"rendered":"<p>Arriver aux USA Que faire quand vous arrivez aux USA Bienvenu! Arriver aux \u00c9tats-Unis est tellement excitant! Mais il y a beaucoup de choses \u00e0 faire pour un nouveau venu. Les informations ci-dessous ne constituent en aucun cas une liste exhaustive. En outre, il peut ne pas contenir les derni\u00e8res mises \u00e0 jour de l&rsquo;immigration. [&hellip;]<\/p>\n","protected":false},"author":19,"featured_media":27314,"parent":0,"menu_order":0,"comment_status":"closed","ping_status":"closed","template":"elementor_header_footer","meta":{"_acf_changed":false,"footnotes":""},"class_list":["post-28377","page","type-page","status-publish","has-post-thumbnail","hentry"],"acf":[],"_links":{"self":[{"href":"https:\/\/faacademy.org\/fr\/wp-json\/wp\/v2\/pages\/28377","targetHints":{"allow":["GET"]}}],"collection":[{"href":"https:\/\/faacademy.org\/fr\/wp-json\/wp\/v2\/pages"}],"about":[{"href":"https:\/\/faacademy.org\/fr\/wp-json\/wp\/v2\/types\/page"}],"author":[{"embeddable":true,"href":"https:\/\/faacademy.org\/fr\/wp-json\/wp\/v2\/users\/19"}],"replies":[{"embeddable":true,"href":"https:\/\/faacademy.org\/fr\/wp-json\/wp\/v2\/comments?post=28377"}],"version-history":[{"count":0,"href":"https:\/\/faacademy.org\/fr\/wp-json\/wp\/v2\/pages\/28377\/revisions"}],"wp:featuredmedia":[{"embeddable":true,"href":"https:\/\/faacademy.org\/fr\/wp-json\/wp\/v2\/media\/27314"}],"wp:attachment":[{"href":"https:\/\/faacademy.org\/fr\/wp-json\/wp\/v2\/media?parent=28377"}],"curies":[{"name":"wp","href":"https:\/\/api.w.org\/{rel}","templated":true}]}}