{"id":28601,"date":"2023-02-20T13:24:19","date_gmt":"2023-02-20T18:24:19","guid":{"rendered":"https:\/\/faacademy.org\/carrieres\/"},"modified":"2023-02-20T13:27:01","modified_gmt":"2023-02-20T18:27:01","slug":"carrieres","status":"publish","type":"page","link":"https:\/\/faacademy.org\/fr\/carrieres\/","title":{"rendered":"Carri\u00e8res"},"content":{"rendered":"\t\t<div data-elementor-type=\"wp-page\" data-elementor-id=\"28601\" class=\"elementor elementor-28601 elementor-22745\" data-elementor-post-type=\"page\">\n\t\t\t\t\t\t<section class=\"elementor-section elementor-top-section elementor-element elementor-element-4defe224 elementor-section-height-min-height elementor-section-items-bottom elementor-section-boxed elementor-section-height-default\" data-id=\"4defe224\" data-element_type=\"section\" data-e-type=\"section\" data-settings=\"{&quot;background_background&quot;:&quot;classic&quot;}\">\n\t\t\t\t\t\t\t<div class=\"elementor-background-overlay\"><\/div>\n\t\t\t\t\t\t\t<div class=\"elementor-container elementor-column-gap-default\">\n\t\t\t\t\t<div class=\"elementor-column elementor-col-100 elementor-top-column elementor-element elementor-element-22dbeedc\" data-id=\"22dbeedc\" data-element_type=\"column\" data-e-type=\"column\">\n\t\t\t<div class=\"elementor-widget-wrap elementor-element-populated\">\n\t\t\t\t\t\t<div class=\"elementor-element elementor-element-12d8d906 elementor-widget elementor-widget-heading\" data-id=\"12d8d906\" data-element_type=\"widget\" data-e-type=\"widget\" data-widget_type=\"heading.default\">\n\t\t\t\t<div class=\"elementor-widget-container\">\n\t\t\t\t\t<h1 class=\"elementor-heading-title elementor-size-default\">Embauche et Carri\u00e8res<\/h1>\t\t\t\t<\/div>\n\t\t\t\t<\/div>\n\t\t\t\t\t<\/div>\n\t\t<\/div>\n\t\t\t\t\t<\/div>\n\t\t<\/section>\n\t\t\t\t<section class=\"elementor-section elementor-top-section elementor-element elementor-element-4be0e66b elementor-section-boxed elementor-section-height-default elementor-section-height-default\" data-id=\"4be0e66b\" data-element_type=\"section\" data-e-type=\"section\">\n\t\t\t\t\t\t<div class=\"elementor-container elementor-column-gap-default\">\n\t\t\t\t\t<div class=\"elementor-column elementor-col-100 elementor-top-column elementor-element elementor-element-4bb7ed5e\" data-id=\"4bb7ed5e\" data-element_type=\"column\" data-e-type=\"column\">\n\t\t\t<div class=\"elementor-widget-wrap elementor-element-populated\">\n\t\t\t\t\t\t<div class=\"elementor-element elementor-element-5d7e719a elementor-widget elementor-widget-global elementor-global-21579 elementor-widget-breadcrumbs\" data-id=\"5d7e719a\" data-element_type=\"widget\" data-e-type=\"widget\" data-widget_type=\"breadcrumbs.default\">\n\t\t\t\t<div class=\"elementor-widget-container\">\n\t\t\t\t\t<p id=\"breadcrumbs\"><span><span><a href=\"https:\/\/faacademy.org\/\"><span class=\"fa fa-home\"><\/span><\/a><\/span><\/span><\/p>\t\t\t\t<\/div>\n\t\t\t\t<\/div>\n\t\t\t\t<div class=\"elementor-element elementor-element-6fd15b3 elementor-widget elementor-widget-heading\" data-id=\"6fd15b3\" data-element_type=\"widget\" data-e-type=\"widget\" data-widget_type=\"heading.default\">\n\t\t\t\t<div class=\"elementor-widget-container\">\n\t\t\t\t\t<h2 class=\"elementor-heading-title elementor-size-default\"><strong style=\"font-family: var( --e-global-typography-fb979c6-font-family ), Sans-serif;font-size: var( --e-global-typography-fb979c6-font-size );letter-spacing: var( --e-global-typography-fb979c6-letter-spacing )\">Rejoignez nous! <\/strong><span style=\"color: var( --e-global-color-62bc8e8 );font-family: var( --e-global-typography-fb979c6-font-family ), Sans-serif;font-size: var( --e-global-typography-fb979c6-font-size );font-weight: var( --e-global-typography-fb979c6-font-weight );letter-spacing: var( --e-global-typography-fb979c6-letter-spacing )\">  <\/span><\/h2>\t\t\t\t<\/div>\n\t\t\t\t<\/div>\n\t\t\t\t\t<\/div>\n\t\t<\/div>\n\t\t\t\t\t<\/div>\n\t\t<\/section>\n\t\t\t\t<section class=\"elementor-section elementor-top-section elementor-element elementor-element-5633861c elementor-reverse-mobile elementor-section-full_width fondBlanc full elementor-section-height-default elementor-section-height-default\" data-id=\"5633861c\" data-element_type=\"section\" data-e-type=\"section\">\n\t\t\t\t\t\t<div class=\"elementor-container elementor-column-gap-default\">\n\t\t\t\t\t<div class=\"elementor-column elementor-col-100 elementor-top-column elementor-element elementor-element-8ec1360\" data-id=\"8ec1360\" data-element_type=\"column\" data-e-type=\"column\">\n\t\t\t<div class=\"elementor-widget-wrap elementor-element-populated\">\n\t\t\t\t\t\t<div class=\"elementor-element elementor-element-56fa2a9 elementor-widget elementor-widget-text-editor\" data-id=\"56fa2a9\" data-element_type=\"widget\" data-e-type=\"widget\" data-widget_type=\"text-editor.default\">\n\t\t\t\t<div class=\"elementor-widget-container\">\n\t\t\t\t\t\t\t\t\t<p id=\"tw-target-text\" class=\"tw-data-text tw-text-large tw-ta\" dir=\"ltr\" data-placeholder=\"Translation\"><span class=\"Y2IQFc\" lang=\"fr\">La French American Academy offre de nombreuses opportunit\u00e9s d&#8217;emploi et de carri\u00e8re. A la French American Academy nous garantissons l&rsquo;\u00e9galit\u00e9 des chances et invitons tous les candidats qualifi\u00e9s \u00e0 postuler. Les opportunit\u00e9s d&#8217;emploi sont nombreuses. Postulez d\u00e8s aujourd&rsquo;hui et commencez votre carri\u00e8re dans <a href=\"https:\/\/faacademy.org\/fr\/bilinguisme\/\">l&rsquo;\u00e9ducation bilingue<\/a> pour faire partie d&rsquo;une \u00e9quipe passionnante compos\u00e9e de coll\u00e8gues d&rsquo;orgine diverses, travaillant dans un environnement formidable et contribuant \u00e0 l&rsquo;\u00e9ducation et \u00e0 l&rsquo;avenir des \u00e9tudiants.<\/span><\/p>\n<p id=\"tw-target-text\" class=\"tw-data-text tw-text-large tw-ta\" dir=\"ltr\" data-placeholder=\"Translation\"><span class=\"Y2IQFc\" lang=\"fr\">Cherchez-vous \u00e0 faire partie int\u00e9grante d&rsquo;une \u00e9quipe internationale et dynamique ? Et souhaitez-vous rejoindre une communaut\u00e9 scolaire solide et engag\u00e9e ? Alors, bienvenue \u00e0 bord !<\/span><\/p>\n\t\t\t\t\t\t\t\t<\/div>\n\t\t\t\t<\/div>\n\t\t\t\t\t<\/div>\n\t\t<\/div>\n\t\t\t\t\t<\/div>\n\t\t<\/section>\n\t\t\t\t<section class=\"elementor-section elementor-top-section elementor-element elementor-element-3f0243b8 marge full elementor-section-boxed elementor-section-height-default elementor-section-height-default\" data-id=\"3f0243b8\" data-element_type=\"section\" data-e-type=\"section\" data-settings=\"{&quot;background_background&quot;:&quot;gradient&quot;}\">\n\t\t\t\t\t\t<div class=\"elementor-container elementor-column-gap-default\">\n\t\t\t\t\t<div class=\"elementor-column elementor-col-100 elementor-top-column elementor-element elementor-element-961b9e0\" data-id=\"961b9e0\" data-element_type=\"column\" data-e-type=\"column\">\n\t\t\t<div class=\"elementor-widget-wrap elementor-element-populated\">\n\t\t\t\t\t\t<div class=\"elementor-element elementor-element-896b63d elementor-widget elementor-widget-heading\" data-id=\"896b63d\" data-element_type=\"widget\" data-e-type=\"widget\" data-widget_type=\"heading.default\">\n\t\t\t\t<div class=\"elementor-widget-container\">\n\t\t\t\t\t<h2 class=\"elementor-heading-title elementor-size-default\">Postes Vacants<\/h2>\t\t\t\t<\/div>\n\t\t\t\t<\/div>\n\t\t\t\t<div class=\"elementor-element elementor-element-4f3a2ca elementor-widget-divider--view-line elementor-widget elementor-widget-divider\" data-id=\"4f3a2ca\" data-element_type=\"widget\" data-e-type=\"widget\" data-widget_type=\"divider.default\">\n\t\t\t\t<div class=\"elementor-widget-container\">\n\t\t\t\t\t\t\t<div class=\"elementor-divider\">\n\t\t\t<span class=\"elementor-divider-separator\">\n\t\t\t\t\t\t<\/span>\n\t\t<\/div>\n\t\t\t\t\t\t<\/div>\n\t\t\t\t<\/div>\n\t\t\t\t<div class=\"elementor-element elementor-element-7d10cf7 elementor-widget elementor-widget-text-editor\" data-id=\"7d10cf7\" data-element_type=\"widget\" data-e-type=\"widget\" data-widget_type=\"text-editor.default\">\n\t\t\t\t<div class=\"elementor-widget-container\">\n\t\t\t\t\t\t\t\t\t<p id=\"tw-target-text\" class=\"tw-data-text tw-text-large tw-ta\" dir=\"ltr\" data-placeholder=\"Translation\"><span class=\"Y2IQFc\" lang=\"fr\">Pour afficher tous les postes vacants, veuillez cliquer sur <em><strong>Afficher tous les emplois<\/strong><\/em>.<\/span><\/p>\n\t\t\t\t\t\t\t\t<\/div>\n\t\t\t\t<\/div>\n\t\t\t\t<div class=\"elementor-element elementor-element-0b69fb6 elementor-widget elementor-widget-text-editor\" data-id=\"0b69fb6\" data-element_type=\"widget\" data-e-type=\"widget\" data-widget_type=\"text-editor.default\">\n\t\t\t\t<div class=\"elementor-widget-container\">\n\t\t\t\t\t\t\t\t\t<p>Pour postuler, veuillez cliquer sur <strong>voir les d\u00e9tails<\/strong> qui vous redirigera vers une page avec une br\u00e8ve description du poste et le formulaire de candidature.<\/p>\n\t\t\t\t\t\t\t\t<\/div>\n\t\t\t\t<\/div>\n\t\t\t\t<div class=\"elementor-element elementor-element-4d4655f elementor-widget elementor-widget-html\" data-id=\"4d4655f\" data-element_type=\"widget\" data-e-type=\"widget\" data-widget_type=\"html.default\">\n\t\t\t\t<div class=\"elementor-widget-container\">\n\t\t\t\t\t<iframe name=\"resumator-job-frame\" id=\"resumator-job-frame\" class=\"resumator-advanced-widget\" src=\"\/\/frenchamericanacademy.applytojob.com\/apply\/jobs\/\" width=\"100%\" scrolling=\"no\" frameborder=\"0\" allowTransparency=\"true\"><\/iframe><script>function resizeResumatorIframe(height,nojump){if(nojump== 0){window.scrollTo(0,0);}document.getElementById(\"resumator-job-frame\").height = parseInt(height)+20;}<\/script><a href=\"\/\/frenchamericanacademy.applytojob.com\/apply\/jobs\/\">View all jobs<\/a>\t\t\t\t<\/div>\n\t\t\t\t<\/div>\n\t\t\t\t<div class=\"elementor-element elementor-element-c6d6d84 elementor-hidden-desktop elementor-hidden-tablet elementor-hidden-mobile elementor-widget elementor-widget-html\" data-id=\"c6d6d84\" data-element_type=\"widget\" data-e-type=\"widget\" data-widget_type=\"html.default\">\n\t\t\t\t<div class=\"elementor-widget-container\">\n\t\t\t\t\t<script type=\"text\/javascript\" src=\"https:\/\/app.jazz.co\/widgets\/basic\/create\/frenchamericanacademy\" charset=\"utf-8\"><\/script>\t\t\t\t<\/div>\n\t\t\t\t<\/div>\n\t\t\t\t<div class=\"elementor-element elementor-element-0d34def elementor-align-center elementor-widget elementor-widget-button\" data-id=\"0d34def\" data-element_type=\"widget\" data-e-type=\"widget\" data-widget_type=\"button.default\">\n\t\t\t\t<div class=\"elementor-widget-container\">\n\t\t\t\t\t\t\t\t\t<div class=\"elementor-button-wrapper\">\n\t\t\t\t\t<a class=\"elementor-button elementor-button-link elementor-size-sm\" href=\"https:\/\/frenchamericanacademy.applytojob.com\/apply\/jobs\/\">\n\t\t\t\t\t\t<span class=\"elementor-button-content-wrapper\">\n\t\t\t\t\t\t\t\t\t<span class=\"elementor-button-text\">S'Inscrire<\/span>\n\t\t\t\t\t<\/span>\n\t\t\t\t\t<\/a>\n\t\t\t\t<\/div>\n\t\t\t\t\t\t\t\t<\/div>\n\t\t\t\t<\/div>\n\t\t\t\t\t<\/div>\n\t\t<\/div>\n\t\t\t\t\t<\/div>\n\t\t<\/section>\n\t\t\t\t<section class=\"elementor-section elementor-top-section elementor-element elementor-element-0185cf9 elementor-reverse-mobile elementor-section-full_width fondBlanc full elementor-section-height-default elementor-section-height-default\" data-id=\"0185cf9\" data-element_type=\"section\" data-e-type=\"section\">\n\t\t\t\t\t\t<div class=\"elementor-container elementor-column-gap-default\">\n\t\t\t\t\t<div class=\"elementor-column elementor-col-50 elementor-top-column elementor-element elementor-element-4f4397a\" data-id=\"4f4397a\" data-element_type=\"column\" data-e-type=\"column\">\n\t\t\t<div class=\"elementor-widget-wrap elementor-element-populated\">\n\t\t\t\t\t\t<div class=\"elementor-element elementor-element-5b02842 elementor-widget elementor-widget-text-editor\" data-id=\"5b02842\" data-element_type=\"widget\" data-e-type=\"widget\" data-widget_type=\"text-editor.default\">\n\t\t\t\t<div class=\"elementor-widget-container\">\n\t\t\t\t\t\t\t\t\t<p id=\"tw-target-text\" class=\"tw-data-text tw-text-large tw-ta\" dir=\"ltr\" data-placeholder=\"Translation\"><span class=\"Y2IQFc\" lang=\"fr\"><strong>Avantages:<\/strong><\/span><\/p>\r\n<p class=\"tw-data-text tw-text-large tw-ta\" dir=\"ltr\" data-placeholder=\"Translation\"><span class=\"Y2IQFc\" lang=\"fr\">\r\nEn tant que membre de l&rsquo;\u00e9quipe de la French American Academy, non seulement vous travaillez dans un environnement tr\u00e8s excitant, mais vous b\u00e9n\u00e9ficierez des avantages suivants:<\/span><\/p>\r\n\r\n<ul>\r\n \t<li class=\"tw-data-text tw-text-large tw-ta\" dir=\"ltr\" data-placeholder=\"Translation\"><span class=\"Y2IQFc\" lang=\"fr\">Assurance maladie et assurance dentaire <\/span><\/li>\r\n \t<li class=\"tw-data-text tw-text-large tw-ta\" dir=\"ltr\" data-placeholder=\"Translation\"><span class=\"Y2IQFc\" lang=\"fr\">Cong\u00e9s personnels <\/span><\/li>\r\n \t<li class=\"tw-data-text tw-text-large tw-ta\" dir=\"ltr\" data-placeholder=\"Translation\"><span class=\"Y2IQFc\" lang=\"fr\">En plus de l&rsquo;assurance invalidit\u00e9 de courte et longue dur\u00e9e <\/span><\/li>\r\n \t<li class=\"tw-data-text tw-text-large tw-ta\" dir=\"ltr\" data-placeholder=\"Translation\"><span class=\"Y2IQFc\" lang=\"fr\">Plan de retraite 401K, y compris l&rsquo;abondement de l&#8217;employeur apr\u00e8s un an d&rsquo;anciennet\u00e9<\/span><\/li>\r\n \t<li class=\"tw-data-text tw-text-large tw-ta\" dir=\"ltr\" data-placeholder=\"Translation\"><span class=\"Y2IQFc\" lang=\"fr\">Cong\u00e9s et\u00a0<\/span><span class=\"Y2IQFc\" lang=\"fr\">Jours f\u00e9ri\u00e9s \u00e9galement pay\u00e9s <\/span><\/li>\r\n \t<li class=\"tw-data-text tw-text-large tw-ta\" dir=\"ltr\" data-placeholder=\"Translation\"><span class=\"Y2IQFc\" lang=\"fr\">Enfin de nombreuses opportunit\u00e9s de d\u00e9veloppement professionnel<\/span><\/li>\r\n<\/ul>\t\t\t\t\t\t\t\t<\/div>\n\t\t\t\t<\/div>\n\t\t\t\t\t<\/div>\n\t\t<\/div>\n\t\t\t\t<div class=\"elementor-column elementor-col-50 elementor-top-column elementor-element elementor-element-ac69477\" data-id=\"ac69477\" data-element_type=\"column\" data-e-type=\"column\">\n\t\t\t<div class=\"elementor-widget-wrap elementor-element-populated\">\n\t\t\t\t\t\t<div class=\"elementor-element elementor-element-959c44c elementor-widget elementor-widget-text-editor\" data-id=\"959c44c\" data-element_type=\"widget\" data-e-type=\"widget\" data-widget_type=\"text-editor.default\">\n\t\t\t\t<div class=\"elementor-widget-container\">\n\t\t\t\t\t\t\t\t\t<p id=\"tw-target-text\" class=\"tw-data-text tw-text-large tw-ta\" dir=\"ltr\" data-placeholder=\"Translation\"><strong><span class=\"Y2IQFc\" lang=\"fr\">Principales comp\u00e9tences requises pour les postes d&rsquo;enseignement\u00a0: <\/span><\/strong><\/p>\n<ul>\n<li class=\"tw-data-text tw-text-large tw-ta\" dir=\"ltr\" data-placeholder=\"Translation\"><span class=\"Y2IQFc\" lang=\"fr\">Minimum 3 ans d&rsquo;exp\u00e9rience en enseignement en classe <\/span><\/li>\n<li class=\"tw-data-text tw-text-large tw-ta\" dir=\"ltr\" data-placeholder=\"Translation\"><span class=\"Y2IQFc\" lang=\"fr\">Cr\u00e9ativit\u00e9 <\/span><\/li>\n<li class=\"tw-data-text tw-text-large tw-ta\" dir=\"ltr\" data-placeholder=\"Translation\"><span class=\"Y2IQFc\" lang=\"fr\">Enthousiasme <\/span><\/li>\n<li class=\"tw-data-text tw-text-large tw-ta\" dir=\"ltr\" data-placeholder=\"Translation\"><span class=\"Y2IQFc\" lang=\"fr\">Flexibilit\u00e9 <\/span><\/li>\n<li class=\"tw-data-text tw-text-large tw-ta\" dir=\"ltr\" data-placeholder=\"Translation\"><span class=\"Y2IQFc\" lang=\"fr\">Volont\u00e9 d&rsquo;apprendre en continu <\/span><\/li>\n<li class=\"tw-data-text tw-text-large tw-ta\" dir=\"ltr\" data-placeholder=\"Translation\"><span class=\"Y2IQFc\" lang=\"fr\">Travail en \u00e9quipe<\/span><\/li>\n<\/ul>\n<div><\/div>\n<div><\/div>\n<div><\/div>\n\t\t\t\t\t\t\t\t<\/div>\n\t\t\t\t<\/div>\n\t\t\t\t\t<\/div>\n\t\t<\/div>\n\t\t\t\t\t<\/div>\n\t\t<\/section>\n\t\t\t\t<section class=\"elementor-section elementor-top-section elementor-element elementor-element-c70e336 elementor-reverse-mobile elementor-section-full_width fondBlanc full elementor-section-height-default elementor-section-height-default\" data-id=\"c70e336\" data-element_type=\"section\" data-e-type=\"section\">\n\t\t\t\t\t\t<div class=\"elementor-container elementor-column-gap-default\">\n\t\t\t\t\t<div class=\"elementor-column elementor-col-100 elementor-top-column elementor-element elementor-element-8d3f057\" data-id=\"8d3f057\" data-element_type=\"column\" data-e-type=\"column\">\n\t\t\t<div class=\"elementor-widget-wrap elementor-element-populated\">\n\t\t\t\t\t\t<div class=\"elementor-element elementor-element-9f82eba elementor-widget elementor-widget-text-editor\" data-id=\"9f82eba\" data-element_type=\"widget\" data-e-type=\"widget\" data-widget_type=\"text-editor.default\">\n\t\t\t\t<div class=\"elementor-widget-container\">\n\t\t\t\t\t\t\t\t\t<p id=\"tw-target-text\" class=\"tw-data-text tw-text-large tw-ta\" dir=\"ltr\" data-placeholder=\"Translation\"><span class=\"Y2IQFc\" lang=\"fr\">Notre commission Emploi et Carri\u00e8res vous invite \u00e0 les contacter et \u00e0 envoyer votre CV et lettre de motivation \u00e0 info@faacademy.org. <\/span><\/p>\n<p class=\"tw-data-text tw-text-large tw-ta\" dir=\"ltr\" data-placeholder=\"Translation\"><em><span class=\"Y2IQFc\" lang=\"fr\">La French American Academy s&rsquo;engage pour l&rsquo;\u00e9galit\u00e9 des chances en mati\u00e8re d&rsquo;\u00e9ducation quels que soient le sexe, l&rsquo;\u00e2ge, la race, la couleur, l&rsquo;origine nationale, la religion, l&rsquo;orientation sexuelle, le handicap, la citoyennet\u00e9 et d&rsquo;autres caract\u00e9ristiques l\u00e9galement prot\u00e9g\u00e9es. Si vous avez besoin d&rsquo;aide ou d&rsquo;un am\u00e9nagement en raison d&rsquo;un handicap, veuillez nous en informer.<\/span><\/em><\/p>\n\t\t\t\t\t\t\t\t<\/div>\n\t\t\t\t<\/div>\n\t\t\t\t\t<\/div>\n\t\t<\/div>\n\t\t\t\t\t<\/div>\n\t\t<\/section>\n\t\t\t\t<\/div>\n\t\t","protected":false},"excerpt":{"rendered":"<p>Embauche et Carri\u00e8res Rejoignez nous! La French American Academy offre de nombreuses opportunit\u00e9s d&#8217;emploi et de carri\u00e8re. A la French American Academy nous garantissons l&rsquo;\u00e9galit\u00e9 des chances et invitons tous les candidats qualifi\u00e9s \u00e0 postuler. Les opportunit\u00e9s d&#8217;emploi sont nombreuses. Postulez d\u00e8s aujourd&rsquo;hui et commencez votre carri\u00e8re dans l&rsquo;\u00e9ducation bilingue pour faire partie d&rsquo;une \u00e9quipe [&hellip;]<\/p>\n","protected":false},"author":19,"featured_media":0,"parent":0,"menu_order":0,"comment_status":"closed","ping_status":"closed","template":"elementor_header_footer","meta":{"_acf_changed":false,"footnotes":""},"class_list":["post-28601","page","type-page","status-publish","hentry"],"acf":[],"_links":{"self":[{"href":"https:\/\/faacademy.org\/fr\/wp-json\/wp\/v2\/pages\/28601","targetHints":{"allow":["GET"]}}],"collection":[{"href":"https:\/\/faacademy.org\/fr\/wp-json\/wp\/v2\/pages"}],"about":[{"href":"https:\/\/faacademy.org\/fr\/wp-json\/wp\/v2\/types\/page"}],"author":[{"embeddable":true,"href":"https:\/\/faacademy.org\/fr\/wp-json\/wp\/v2\/users\/19"}],"replies":[{"embeddable":true,"href":"https:\/\/faacademy.org\/fr\/wp-json\/wp\/v2\/comments?post=28601"}],"version-history":[{"count":0,"href":"https:\/\/faacademy.org\/fr\/wp-json\/wp\/v2\/pages\/28601\/revisions"}],"wp:attachment":[{"href":"https:\/\/faacademy.org\/fr\/wp-json\/wp\/v2\/media?parent=28601"}],"curies":[{"name":"wp","href":"https:\/\/api.w.org\/{rel}","templated":true}]}}