{"id":30468,"date":"2023-04-11T10:49:04","date_gmt":"2023-04-11T14:49:04","guid":{"rendered":"https:\/\/faacademy.org\/bienvenue-du-chef-detablissement\/"},"modified":"2025-10-24T10:35:59","modified_gmt":"2025-10-24T14:35:59","slug":"bienvenue-du-chef-detablissement","status":"publish","type":"page","link":"https:\/\/faacademy.org\/fr\/bienvenue-du-chef-detablissement\/","title":{"rendered":"Mot de la Directrice d\u2019\u00e9tablissement"},"content":{"rendered":"\t\t<div data-elementor-type=\"wp-page\" data-elementor-id=\"30468\" class=\"elementor elementor-30468 elementor-29944\" data-elementor-post-type=\"page\">\n\t\t\t\t\t\t<section class=\"elementor-section elementor-top-section elementor-element elementor-element-7f3447c elementor-section-height-min-height elementor-section-items-bottom elementor-section-boxed elementor-section-height-default\" data-id=\"7f3447c\" data-element_type=\"section\" data-e-type=\"section\" data-settings=\"{&quot;background_background&quot;:&quot;slideshow&quot;,&quot;background_slideshow_gallery&quot;:[{&quot;id&quot;:29997,&quot;url&quot;:&quot;https:\\\/\\\/faacademy.org\\\/wp-content\\\/uploads\\\/2023\\\/03\\\/Featured-image-10-scaled.jpg&quot;},{&quot;id&quot;:28559,&quot;url&quot;:&quot;https:\\\/\\\/faacademy.org\\\/wp-content\\\/uploads\\\/2022\\\/05\\\/2-Englewood-Art-Room-1.jpg&quot;},{&quot;id&quot;:27924,&quot;url&quot;:&quot;https:\\\/\\\/faacademy.org\\\/wp-content\\\/uploads\\\/2023\\\/02\\\/IMG_9196-scaled.jpg&quot;},{&quot;id&quot;:26672,&quot;url&quot;:&quot;https:\\\/\\\/faacademy.org\\\/wp-content\\\/uploads\\\/2023\\\/01\\\/IMG_9476-2-scaled.jpg&quot;}],&quot;background_slideshow_slide_duration&quot;:1000,&quot;background_slideshow_transition_duration&quot;:2000,&quot;background_slideshow_ken_burns&quot;:&quot;yes&quot;,&quot;background_slideshow_loop&quot;:&quot;yes&quot;,&quot;background_slideshow_slide_transition&quot;:&quot;fade&quot;,&quot;background_slideshow_ken_burns_zoom_direction&quot;:&quot;in&quot;,&quot;background_motion_fx_devices&quot;:[&quot;desktop&quot;,&quot;tablet&quot;,&quot;mobile&quot;]}\">\n\t\t\t\t\t\t\t<div class=\"elementor-background-overlay\"><\/div>\n\t\t\t\t\t\t\t<div class=\"elementor-container elementor-column-gap-default\">\n\t\t\t\t\t<div class=\"elementor-column elementor-col-100 elementor-top-column elementor-element elementor-element-143d542\" data-id=\"143d542\" data-element_type=\"column\" data-e-type=\"column\">\n\t\t\t<div class=\"elementor-widget-wrap elementor-element-populated\">\n\t\t\t\t\t\t<div class=\"elementor-element elementor-element-ed721b0 elementor-widget elementor-widget-heading\" data-id=\"ed721b0\" data-element_type=\"widget\" data-e-type=\"widget\" data-widget_type=\"heading.default\">\n\t\t\t\t<div class=\"elementor-widget-container\">\n\t\t\t\t\t<p class=\"elementor-heading-title elementor-size-default\">\u00c0 propos de nous<\/p>\t\t\t\t<\/div>\n\t\t\t\t<\/div>\n\t\t\t\t<div class=\"elementor-element elementor-element-9924eb7 elementor-widget-divider--view-line elementor-widget elementor-widget-divider\" data-id=\"9924eb7\" data-element_type=\"widget\" data-e-type=\"widget\" data-widget_type=\"divider.default\">\n\t\t\t\t<div class=\"elementor-widget-container\">\n\t\t\t\t\t\t\t<div class=\"elementor-divider\">\n\t\t\t<span class=\"elementor-divider-separator\">\n\t\t\t\t\t\t<\/span>\n\t\t<\/div>\n\t\t\t\t\t\t<\/div>\n\t\t\t\t<\/div>\n\t\t\t\t<div class=\"elementor-element elementor-element-43c6bb3 elementor-widget elementor-widget-heading\" data-id=\"43c6bb3\" data-element_type=\"widget\" data-e-type=\"widget\" data-widget_type=\"heading.default\">\n\t\t\t\t<div class=\"elementor-widget-container\">\n\t\t\t\t\t<h1 class=\"elementor-heading-title elementor-size-default\">Chef d'\u00e9tablissement<\/h1>\t\t\t\t<\/div>\n\t\t\t\t<\/div>\n\t\t\t\t\t<\/div>\n\t\t<\/div>\n\t\t\t\t\t<\/div>\n\t\t<\/section>\n\t\t\t\t<section class=\"elementor-section elementor-top-section elementor-element elementor-element-4be0e66b elementor-section-boxed elementor-section-height-default elementor-section-height-default\" data-id=\"4be0e66b\" data-element_type=\"section\" data-e-type=\"section\">\n\t\t\t\t\t\t<div class=\"elementor-container elementor-column-gap-default\">\n\t\t\t\t\t<div class=\"elementor-column elementor-col-100 elementor-top-column elementor-element elementor-element-4bb7ed5e\" data-id=\"4bb7ed5e\" data-element_type=\"column\" data-e-type=\"column\">\n\t\t\t<div class=\"elementor-widget-wrap elementor-element-populated\">\n\t\t\t\t\t\t<div class=\"elementor-element elementor-element-5d7e719a elementor-widget elementor-widget-global elementor-global-21579 elementor-widget-breadcrumbs\" data-id=\"5d7e719a\" data-element_type=\"widget\" data-e-type=\"widget\" data-widget_type=\"breadcrumbs.default\">\n\t\t\t\t<div class=\"elementor-widget-container\">\n\t\t\t\t\t<p id=\"breadcrumbs\"><span><span><a href=\"https:\/\/faacademy.org\/\"><span class=\"fa fa-home\"><\/span><\/a><\/span><\/span><\/p>\t\t\t\t<\/div>\n\t\t\t\t<\/div>\n\t\t\t\t\t<\/div>\n\t\t<\/div>\n\t\t\t\t\t<\/div>\n\t\t<\/section>\n\t\t\t\t<section class=\"elementor-section elementor-top-section elementor-element elementor-element-1fcaa31a elementor-section-full_width fondBlanc full elementor-section-height-default elementor-section-height-default\" data-id=\"1fcaa31a\" data-element_type=\"section\" data-e-type=\"section\">\n\t\t\t\t\t\t<div class=\"elementor-container elementor-column-gap-default\">\n\t\t\t\t\t<div class=\"elementor-column elementor-col-100 elementor-top-column elementor-element elementor-element-222f4e48\" data-id=\"222f4e48\" data-element_type=\"column\" data-e-type=\"column\">\n\t\t\t<div class=\"elementor-widget-wrap elementor-element-populated\">\n\t\t\t\t\t\t<div class=\"elementor-element elementor-element-37299b28 elementor-widget elementor-widget-heading\" data-id=\"37299b28\" data-element_type=\"widget\" data-e-type=\"widget\" data-widget_type=\"heading.default\">\n\t\t\t\t<div class=\"elementor-widget-container\">\n\t\t\t\t\t<h2 class=\"elementor-heading-title elementor-size-default\"><strong>Ch\u00e8res Familles,<\/strong><\/h2>\t\t\t\t<\/div>\n\t\t\t\t<\/div>\n\t\t\t\t<div class=\"elementor-element elementor-element-5b13d14 elementor-widget elementor-widget-text-editor\" data-id=\"5b13d14\" data-element_type=\"widget\" data-e-type=\"widget\" data-widget_type=\"text-editor.default\">\n\t\t\t\t<div class=\"elementor-widget-container\">\n\t\t\t\t\t\t\t\t\t<p data-start=\"102\" data-end=\"148\"><strong data-start=\"102\" data-end=\"146\">Bienvenue \u00e0 la French American Academy !<\/strong><\/p>\n<p><\/p>\n<p data-start=\"150\" data-end=\"436\">Je suis Anne-Sophie Gueguen, fondatrice et directrice de l\u2019\u00e9cole. En tant que parent fran\u00e7aise vivant aux \u00c9tats-Unis depuis de nombreuses ann\u00e9es, je mesure l\u2019importance de r\u00e9unir le meilleur des deux syst\u00e8mes \u00e9ducatifs afin d\u2019offrir \u00e0 nos enfants une formation compl\u00e8te et \u00e9quilibr\u00e9e.<\/p>\n<p><\/p>\n<p data-start=\"438\" data-end=\"755\">La naissance de ma quatri\u00e8me fille, Maya, a \u00e9t\u00e9 l\u2019inspiration qui a conduit \u00e0 la cr\u00e9ation de cette \u00e9cole. Je souhaitais offrir un lieu o\u00f9 les \u00e9l\u00e8ves puissent b\u00e9n\u00e9ficier de la richesse culturelle et \u00e9ducative des syst\u00e8mes fran\u00e7ais et am\u00e9ricain, et devenir des penseurs et des leaders confiants, ouverts sur le monde.<\/p>\n<p><\/p>\n<p data-start=\"757\" data-end=\"1168\">\u00c0 la French American Academy, nos valeurs personnelles et scolaires s\u2019enracinent profond\u00e9ment dans notre mission : offrir une \u00e9ducation bilingue et multiculturelle qui cultive l\u2019excellence acad\u00e9mique, l\u2019esprit critique et la cr\u00e9ativit\u00e9. Nos valeurs fondamentales &#8211; respect, int\u00e9grit\u00e9, responsabilit\u00e9 et bienveillance &#8211; guident chacune de nos interactions avec les \u00e9l\u00e8ves, les familles et l\u2019\u00e9quipe p\u00e9dagogique.<\/p>\n<p><\/p>\n<p data-start=\"1170\" data-end=\"1472\">Nos ambitions \u00e0 long terme sont de continuer \u00e0 proposer une \u00e9ducation bilingue de haute qualit\u00e9, pr\u00e9parant nos \u00e9l\u00e8ves au monde global de demain. Nous souhaitons \u00eatre un mod\u00e8le en mati\u00e8re de pratiques p\u00e9dagogiques innovantes et cultiver une communaut\u00e9 diverse et inclusive qui c\u00e9l\u00e8bre nos diff\u00e9rences.<\/p>\n<p><\/p>\n<p data-start=\"1474\" data-end=\"1628\">Merci de consid\u00e9rer la French American Academy pour l\u2019\u00e9ducation de vos enfants. Nous serons ravis de partager cette aventure avec vous et votre famille.<\/p>\n\t\t\t\t\t\t\t\t<\/div>\n\t\t\t\t<\/div>\n\t\t\t\t<section class=\"elementor-section elementor-inner-section elementor-element elementor-element-23df61c elementor-section-boxed elementor-section-height-default elementor-section-height-default\" data-id=\"23df61c\" data-element_type=\"section\" data-e-type=\"section\">\n\t\t\t\t\t\t<div class=\"elementor-container elementor-column-gap-default\">\n\t\t\t\t\t<div class=\"elementor-column elementor-col-100 elementor-inner-column elementor-element elementor-element-d10b31e\" data-id=\"d10b31e\" data-element_type=\"column\" data-e-type=\"column\">\n\t\t\t<div class=\"elementor-widget-wrap elementor-element-populated\">\n\t\t\t\t\t\t<section class=\"elementor-section elementor-inner-section elementor-element elementor-element-99c599f elementor-section-boxed elementor-section-height-default elementor-section-height-default\" data-id=\"99c599f\" data-element_type=\"section\" data-e-type=\"section\">\n\t\t\t\t\t\t<div class=\"elementor-container elementor-column-gap-default\">\n\t\t\t\t\t<div class=\"elementor-column elementor-col-50 elementor-inner-column elementor-element elementor-element-cfc542e\" data-id=\"cfc542e\" data-element_type=\"column\" data-e-type=\"column\">\n\t\t\t<div class=\"elementor-widget-wrap elementor-element-populated\">\n\t\t\t\t\t\t<div class=\"elementor-element elementor-element-7cf3945 elementor-widget elementor-widget-image\" data-id=\"7cf3945\" data-element_type=\"widget\" data-e-type=\"widget\" data-widget_type=\"image.default\">\n\t\t\t\t<div class=\"elementor-widget-container\">\n\t\t\t\t\t\t\t\t\t\t\t\t\t\t\t<img fetchpriority=\"high\" decoding=\"async\" width=\"300\" height=\"239\" src=\"https:\/\/faacademy.org\/wp-content\/uploads\/2023\/03\/Drip-Campaign-6Cs-300x239.jpg\" class=\"attachment-medium size-medium wp-image-30015\" alt=\"Anne-Sophie\" srcset=\"https:\/\/faacademy.org\/wp-content\/uploads\/2023\/03\/Drip-Campaign-6Cs-300x239.jpg 300w, https:\/\/faacademy.org\/wp-content\/uploads\/2023\/03\/Drip-Campaign-6Cs-1024x816.jpg 1024w, https:\/\/faacademy.org\/wp-content\/uploads\/2023\/03\/Drip-Campaign-6Cs-768x612.jpg 768w, https:\/\/faacademy.org\/wp-content\/uploads\/2023\/03\/Drip-Campaign-6Cs.jpg 1280w\" sizes=\"(max-width: 300px) 100vw, 300px\" \/>\t\t\t\t\t\t\t\t\t\t\t\t\t\t\t<\/div>\n\t\t\t\t<\/div>\n\t\t\t\t\t<\/div>\n\t\t<\/div>\n\t\t\t\t<div class=\"elementor-column elementor-col-50 elementor-inner-column elementor-element elementor-element-3109370\" data-id=\"3109370\" data-element_type=\"column\" data-e-type=\"column\">\n\t\t\t<div class=\"elementor-widget-wrap elementor-element-populated\">\n\t\t\t\t\t\t<div class=\"elementor-element elementor-element-db70172 elementor-widget elementor-widget-text-editor\" data-id=\"db70172\" data-element_type=\"widget\" data-e-type=\"widget\" data-widget_type=\"text-editor.default\">\n\t\t\t\t<div class=\"elementor-widget-container\">\n\t\t\t\t\t\t\t\t\t<p><strong style=\"color: var( --e-global-color-62bc8e8 ); background-color: transparent;\"><span style=\"font-size: 20px; color: #ff9900;\">Chaleureusement,<\/span><\/strong><\/p>\n<p><strong><span style=\"font-size: 20px; color: #ff9900;\">Anne-Sophie Gueguen<\/span><\/strong><\/p>\n<div class=\"group w-full text-gray-800 dark:text-gray-100 border-b border-black\/10 dark:border-gray-900\/50 bg-gray-50 dark:bg-[#444654]\">\n<div class=\"text-base gap-4 md:gap-6 md:max-w-2xl lg:max-w-2xl xl:max-w-3xl p-4 md:py-6 flex lg:px-0 m-auto\">\n<div class=\"relative flex w-[calc(100%-50px)] flex-col gap-1 md:gap-3 lg:w-[calc(100%-115px)]\">\n<div class=\"flex justify-between\">\n<div class=\"text-gray-400 flex self-end lg:self-center justify-center mt-2 gap-3 md:gap-4 lg:gap-1 lg:absolute lg:top-0 lg:translate-x-full lg:right-0 lg:mt-0 lg:pl-2 visible\"><\/div>\n<p><\/div>\n<p><\/div>\n<p><\/div>\n<p><\/div>\n\t\t\t\t\t\t\t\t<\/div>\n\t\t\t\t<\/div>\n\t\t\t\t\t<\/div>\n\t\t<\/div>\n\t\t\t\t\t<\/div>\n\t\t<\/section>\n\t\t\t\t\t<\/div>\n\t\t<\/div>\n\t\t\t\t\t<\/div>\n\t\t<\/section>\n\t\t\t\t\t<\/div>\n\t\t<\/div>\n\t\t\t\t\t<\/div>\n\t\t<\/section>\n\t\t\t\t<section class=\"elementor-section elementor-top-section elementor-element elementor-element-7f5850d8 fondBlanc full elementor-section-boxed elementor-section-height-default elementor-section-height-default\" data-id=\"7f5850d8\" data-element_type=\"section\" data-e-type=\"section\">\n\t\t\t\t\t\t<div class=\"elementor-container elementor-column-gap-default\">\n\t\t\t\t\t<div class=\"elementor-column elementor-col-100 elementor-top-column elementor-element elementor-element-79df6270\" data-id=\"79df6270\" data-element_type=\"column\" data-e-type=\"column\">\n\t\t\t<div class=\"elementor-widget-wrap elementor-element-populated\">\n\t\t\t\t\t\t<div class=\"elementor-element elementor-element-ed171a4 elementor-widget elementor-widget-heading\" data-id=\"ed171a4\" data-element_type=\"widget\" data-e-type=\"widget\" data-widget_type=\"heading.default\">\n\t\t\t\t<div class=\"elementor-widget-container\">\n\t\t\t\t\t<h2 class=\"elementor-heading-title elementor-size-default\">Homologations<\/h2>\t\t\t\t<\/div>\n\t\t\t\t<\/div>\n\t\t\t\t<div class=\"elementor-element elementor-element-3df2b022 elementor-widget-divider--view-line elementor-widget elementor-widget-divider\" data-id=\"3df2b022\" data-element_type=\"widget\" data-e-type=\"widget\" data-widget_type=\"divider.default\">\n\t\t\t\t<div class=\"elementor-widget-container\">\n\t\t\t\t\t\t\t<div class=\"elementor-divider\">\n\t\t\t<span class=\"elementor-divider-separator\">\n\t\t\t\t\t\t<\/span>\n\t\t<\/div>\n\t\t\t\t\t\t<\/div>\n\t\t\t\t<\/div>\n\t\t\t\t<div class=\"elementor-element elementor-element-4e0861b6 accreditations elementor-arrows-position-inside elementor-pagination-position-outside elementor-widget elementor-widget-image-carousel\" data-id=\"4e0861b6\" data-element_type=\"widget\" data-e-type=\"widget\" data-settings=\"{&quot;slides_to_show&quot;:&quot;4&quot;,&quot;navigation&quot;:&quot;both&quot;,&quot;autoplay&quot;:&quot;yes&quot;,&quot;pause_on_hover&quot;:&quot;yes&quot;,&quot;pause_on_interaction&quot;:&quot;yes&quot;,&quot;autoplay_speed&quot;:5000,&quot;infinite&quot;:&quot;yes&quot;,&quot;speed&quot;:500}\" data-widget_type=\"image-carousel.default\">\n\t\t\t\t<div class=\"elementor-widget-container\">\n\t\t\t\t\t\t\t<div class=\"elementor-image-carousel-wrapper swiper\" role=\"region\" aria-roledescription=\"carousel\" aria-label=\"Image Carousel\" dir=\"ltr\">\n\t\t\t<div class=\"elementor-image-carousel swiper-wrapper\" aria-live=\"off\">\n\t\t\t\t\t\t\t\t<div class=\"swiper-slide\" role=\"group\" aria-roledescription=\"slide\" aria-label=\"1 sur 6\"><figure class=\"swiper-slide-inner\"><img decoding=\"async\" class=\"swiper-slide-image\" src=\"https:\/\/faacademy.org\/wp-content\/uploads\/2023\/01\/logo-ministere.png\" alt=\"logo ministere de l&#039;education nationale\" \/><\/figure><\/div><div class=\"swiper-slide\" role=\"group\" aria-roledescription=\"slide\" aria-label=\"2 sur 6\"><figure class=\"swiper-slide-inner\"><img decoding=\"async\" class=\"swiper-slide-image\" src=\"https:\/\/faacademy.org\/wp-content\/uploads\/2022\/12\/MSACESS-300x172.jpeg\" alt=\"Middle State Association Accreditation\" \/><\/figure><\/div><div class=\"swiper-slide\" role=\"group\" aria-roledescription=\"slide\" aria-label=\"3 sur 6\"><figure class=\"swiper-slide-inner\"><img decoding=\"async\" class=\"swiper-slide-image\" src=\"https:\/\/faacademy.org\/wp-content\/uploads\/2023\/01\/logoAEFE.png\" alt=\"AEFE logo\" \/><\/figure><\/div><div class=\"swiper-slide\" role=\"group\" aria-roledescription=\"slide\" aria-label=\"4 sur 6\"><figure class=\"swiper-slide-inner\"><img decoding=\"async\" class=\"swiper-slide-image\" src=\"https:\/\/faacademy.org\/wp-content\/uploads\/2023\/01\/NJAIS-logo-e1672872439708.png\" alt=\"\" \/><\/figure><\/div><div class=\"swiper-slide\" role=\"group\" aria-roledescription=\"slide\" aria-label=\"5 sur 6\"><figure class=\"swiper-slide-inner\"><img decoding=\"async\" class=\"swiper-slide-image\" src=\"https:\/\/faacademy.org\/wp-content\/uploads\/2022\/11\/niche-best-schools-badge-2022.png\" alt=\"Niche Best Schools of 2022\" \/><\/figure><\/div><div class=\"swiper-slide\" role=\"group\" aria-roledescription=\"slide\" aria-label=\"6 sur 6\"><figure class=\"swiper-slide-inner\"><img decoding=\"async\" class=\"swiper-slide-image\" src=\"https:\/\/faacademy.org\/wp-content\/uploads\/2022\/11\/fisna-e1672873797196.png\" alt=\"fisna logo\" \/><\/figure><\/div>\t\t\t<\/div>\n\t\t\t\t\t\t\t\t\t\t\t\t<div class=\"elementor-swiper-button elementor-swiper-button-prev\" role=\"button\" tabindex=\"0\">\n\t\t\t\t\t\t<i aria-hidden=\"true\" class=\"eicon-chevron-left\"><\/i>\t\t\t\t\t<\/div>\n\t\t\t\t\t<div class=\"elementor-swiper-button elementor-swiper-button-next\" role=\"button\" tabindex=\"0\">\n\t\t\t\t\t\t<i aria-hidden=\"true\" class=\"eicon-chevron-right\"><\/i>\t\t\t\t\t<\/div>\n\t\t\t\t\n\t\t\t\t\t\t\t\t\t<div class=\"swiper-pagination\"><\/div>\n\t\t\t\t\t\t\t\t\t<\/div>\n\t\t\t\t\t\t<\/div>\n\t\t\t\t<\/div>\n\t\t\t\t<div class=\"elementor-element elementor-element-1194dd8b elementor-align-center elementor-widget elementor-widget-button\" data-id=\"1194dd8b\" data-element_type=\"widget\" data-e-type=\"widget\" data-widget_type=\"button.default\">\n\t\t\t\t<div class=\"elementor-widget-container\">\n\t\t\t\t\t\t\t\t\t<div class=\"elementor-button-wrapper\">\n\t\t\t\t\t<a class=\"elementor-button elementor-button-link elementor-size-sm\" href=\"https:\/\/faacademy.org\/fr\/certifications\/\" target=\"_blank\">\n\t\t\t\t\t\t<span class=\"elementor-button-content-wrapper\">\n\t\t\t\t\t\t<span class=\"elementor-button-icon\">\n\t\t\t\t<i aria-hidden=\"true\" class=\"fas fa-arrow-right\"><\/i>\t\t\t<\/span>\n\t\t\t\t\t\t\t\t\t<span class=\"elementor-button-text\">Voir plus<\/span>\n\t\t\t\t\t<\/span>\n\t\t\t\t\t<\/a>\n\t\t\t\t<\/div>\n\t\t\t\t\t\t\t\t<\/div>\n\t\t\t\t<\/div>\n\t\t\t\t\t<\/div>\n\t\t<\/div>\n\t\t\t\t\t<\/div>\n\t\t<\/section>\n\t\t\t\t<\/div>\n\t\t","protected":false},"excerpt":{"rendered":"<p>\u00c0 propos de nous Chef d&rsquo;\u00e9tablissement Ch\u00e8res Familles, Bienvenue \u00e0 la French American Academy ! Je suis Anne-Sophie Gueguen, fondatrice et directrice de l\u2019\u00e9cole. En tant que parent fran\u00e7aise vivant aux \u00c9tats-Unis depuis de nombreuses ann\u00e9es, je mesure l\u2019importance de r\u00e9unir le meilleur des deux syst\u00e8mes \u00e9ducatifs afin d\u2019offrir \u00e0 nos enfants une formation compl\u00e8te [&hellip;]<\/p>\n","protected":false},"author":19,"featured_media":0,"parent":0,"menu_order":0,"comment_status":"closed","ping_status":"closed","template":"elementor_header_footer","meta":{"_acf_changed":false,"footnotes":""},"class_list":["post-30468","page","type-page","status-publish","hentry"],"acf":[],"_links":{"self":[{"href":"https:\/\/faacademy.org\/fr\/wp-json\/wp\/v2\/pages\/30468","targetHints":{"allow":["GET"]}}],"collection":[{"href":"https:\/\/faacademy.org\/fr\/wp-json\/wp\/v2\/pages"}],"about":[{"href":"https:\/\/faacademy.org\/fr\/wp-json\/wp\/v2\/types\/page"}],"author":[{"embeddable":true,"href":"https:\/\/faacademy.org\/fr\/wp-json\/wp\/v2\/users\/19"}],"replies":[{"embeddable":true,"href":"https:\/\/faacademy.org\/fr\/wp-json\/wp\/v2\/comments?post=30468"}],"version-history":[{"count":7,"href":"https:\/\/faacademy.org\/fr\/wp-json\/wp\/v2\/pages\/30468\/revisions"}],"predecessor-version":[{"id":42716,"href":"https:\/\/faacademy.org\/fr\/wp-json\/wp\/v2\/pages\/30468\/revisions\/42716"}],"wp:attachment":[{"href":"https:\/\/faacademy.org\/fr\/wp-json\/wp\/v2\/media?parent=30468"}],"curies":[{"name":"wp","href":"https:\/\/api.w.org\/{rel}","templated":true}]}}